{"id":1027,"date":"2024-11-02T14:39:48","date_gmt":"2024-11-02T13:39:48","guid":{"rendered":"https:\/\/www.nochilinga-alpakas.at\/shop.nochilinga-alpakas.at\/?post_type=product&#038;p=1027"},"modified":"2025-11-29T16:32:29","modified_gmt":"2025-11-29T15:32:29","slug":"muetze-anni","status":"publish","type":"product","link":"https:\/\/www.nochilinga-alpakas.at\/shop.nochilinga-alpakas.at\/produkt\/muetze-anni\/","title":{"rendered":"M\u00fctze Anni"},"content":{"rendered":"<p>Die M\u00fctze &#8220;Anni&#8221; ist unglaublich weich, wunderbar leicht und ein kuschelweicher Begleiter an k\u00fchlen Tagen. Durch das handgestrickte Zopfmuster und das weiche Innenfutter aus Fleece h\u00e4lt die atmungsaktive Strickm\u00fctze angenehm warm. Eine elegante M\u00fctze aus feinster premium Babyalpaca Wolle, ein tolles Accessoire f\u00fcr die kalte Jahreszeit!<\/p>\n<p>Dieses handgestrickte St\u00fcck Handarbeitskunst wurde mit viel Liebe in den peruanischen Anden gefertigt. Jedes St\u00fcck bedeutet viele Stunden fair bezahlte Arbeit f\u00fcr eine peruanische Mama!<\/p>\n<ul>\n<li>100% Baby Alpaka \/\/ 100% Handarbeit \/\/ 100% Fairfashion<\/li>\n<li>One-Size &amp; Unisex. Ideal f\u00fcr Kopfumfang 53 \u2013 60 cm<\/li>\n<\/ul>\n","protected":false},"excerpt":{"rendered":"<p>Die M\u00fctze &#8220;Anni&#8221; ist unglaublich weich, wunderbar leicht und ein kuschelweicher Begleiter an k\u00fchlen Tagen. Durch das handgestrickte Zopfmuster und das weiche Innenfutter aus Fleece h\u00e4lt die atmungsaktive Strickm\u00fctze angenehm warm. Eine elegante M\u00fctze aus feinster premium Babyalpaca Wolle, ein tolles Accessoire f\u00fcr die kalte Jahreszeit! Dieses handgestrickte St\u00fcck Handarbeitskunst wurde mit viel Liebe in [&hellip;]<\/p>\n","protected":false},"featured_media":1036,"template":"","meta":[],"product_brand":[],"product_cat":[17],"product_tag":[],"class_list":{"0":"post-1027","1":"product","2":"type-product","3":"status-publish","4":"has-post-thumbnail","6":"product_cat-muetzen","7":"pa_farbe-anthrazit","8":"pa_farbe-granit","9":"pa_farbe-magenta","10":"pa_farbe-rosa","11":"pa_farbe-silber","12":"pa_farbe-wollweiss","14":"first","15":"instock","16":"shipping-taxable","17":"purchasable","18":"product-type-variable"},"supplier_id":null,"supplier_sku":"","barcode":null,"atum_controlled":true,"out_stock_date":null,"out_stock_threshold":null,"inheritable":true,"inbound_stock":0,"stock_on_hold":0,"sold_today":0,"sales_last_days":0,"reserved_stock":null,"customer_returns":null,"warehouse_damage":null,"lost_in_post":null,"other_logs":null,"out_stock_days":0,"lost_sales":0,"has_location":false,"update_date":"2026-04-05T02:22:17","atum_locations":[],"atum_stock_status":"instock","restock_status":false,"low_stock_amount":"","sales_update_date":"2026-04-05T02:22:17","calc_backorders":null,"jetpack_sharing_enabled":true,"_links":{"self":[{"href":"https:\/\/www.nochilinga-alpakas.at\/shop.nochilinga-alpakas.at\/wp-json\/wp\/v2\/product\/1027","targetHints":{"allow":["GET"]}}],"collection":[{"href":"https:\/\/www.nochilinga-alpakas.at\/shop.nochilinga-alpakas.at\/wp-json\/wp\/v2\/product"}],"about":[{"href":"https:\/\/www.nochilinga-alpakas.at\/shop.nochilinga-alpakas.at\/wp-json\/wp\/v2\/types\/product"}],"wp:featuredmedia":[{"embeddable":true,"href":"https:\/\/www.nochilinga-alpakas.at\/shop.nochilinga-alpakas.at\/wp-json\/wp\/v2\/media\/1036"}],"wp:attachment":[{"href":"https:\/\/www.nochilinga-alpakas.at\/shop.nochilinga-alpakas.at\/wp-json\/wp\/v2\/media?parent=1027"}],"wp:term":[{"taxonomy":"product_brand","embeddable":true,"href":"https:\/\/www.nochilinga-alpakas.at\/shop.nochilinga-alpakas.at\/wp-json\/wp\/v2\/product_brand?post=1027"},{"taxonomy":"product_cat","embeddable":true,"href":"https:\/\/www.nochilinga-alpakas.at\/shop.nochilinga-alpakas.at\/wp-json\/wp\/v2\/product_cat?post=1027"},{"taxonomy":"product_tag","embeddable":true,"href":"https:\/\/www.nochilinga-alpakas.at\/shop.nochilinga-alpakas.at\/wp-json\/wp\/v2\/product_tag?post=1027"}],"curies":[{"name":"wp","href":"https:\/\/api.w.org\/{rel}","templated":true}]}}