{"id":1039,"date":"2024-11-02T16:55:33","date_gmt":"2024-11-02T15:55:33","guid":{"rendered":"https:\/\/www.nochilinga-alpakas.at\/shop.nochilinga-alpakas.at\/?post_type=product&#038;p=1039"},"modified":"2025-10-15T10:54:43","modified_gmt":"2025-10-15T08:54:43","slug":"faeustlinge-mit-zopfmuster-gefuettert","status":"publish","type":"product","link":"https:\/\/www.nochilinga-alpakas.at\/shop.nochilinga-alpakas.at\/produkt\/faeustlinge-mit-zopfmuster-gefuettert\/","title":{"rendered":"F\u00e4ustlinge mit Zopfmuster, gef\u00fcttert"},"content":{"rendered":"<p>Diese F\u00e4ustlinge sind geradezu perfekt f\u00fcr lange Winterspazierg\u00e4nge und halten deine H\u00e4nde auf jeden Fall kuschelig warm. Sie sind mit Fleece gef\u00fcttert und von Hand gestrickt aus 100% feinster Babyalpakawolle.<\/p>\n<p>Dieses handgestrickte St\u00fcck Handarbeitskunst wurde mit viel Liebe in den peruanischen Anden gefertigt. Jedes St\u00fcck bedeutet viele Stunden fair bezahlte Arbeit f\u00fcr eine peruanische Mama!<\/p>\n<ul>\n<li>100% Babyalpaka \/\/ 100% Handarbeit \/\/ 100% Fairfashion<\/li>\n<li>One-Size, ca. 28cm lang, 10 cm breit<\/li>\n<li>100% Babyalpakawolle, mit Fleece gef\u00fcttert<\/li>\n<\/ul>\n","protected":false},"excerpt":{"rendered":"<p>Diese F\u00e4ustlinge sind geradezu perfekt f\u00fcr lange Winterspazierg\u00e4nge und halten deine H\u00e4nde auf jeden Fall kuschelig warm. Sie sind mit Fleece gef\u00fcttert und von Hand gestrickt aus 100% feinster Babyalpakawolle. Dieses handgestrickte St\u00fcck Handarbeitskunst wurde mit viel Liebe in den peruanischen Anden gefertigt. Jedes St\u00fcck bedeutet viele Stunden fair bezahlte Arbeit f\u00fcr eine peruanische Mama! [&hellip;]<\/p>\n","protected":false},"featured_media":1041,"template":"","meta":[],"product_brand":[],"product_cat":[48],"product_tag":[],"class_list":{"0":"post-1039","1":"product","2":"type-product","3":"status-publish","4":"has-post-thumbnail","6":"product_cat-handschuhe","8":"first","9":"instock","10":"shipping-taxable","11":"purchasable","12":"product-type-variable"},"supplier_id":null,"supplier_sku":"","barcode":null,"atum_controlled":true,"out_stock_date":null,"out_stock_threshold":null,"inheritable":true,"inbound_stock":0,"stock_on_hold":0,"sold_today":0,"sales_last_days":0,"reserved_stock":null,"customer_returns":null,"warehouse_damage":null,"lost_in_post":null,"other_logs":null,"out_stock_days":0,"lost_sales":0,"has_location":false,"update_date":"2026-04-05T02:22:18","atum_locations":[],"atum_stock_status":"instock","restock_status":false,"low_stock_amount":"","sales_update_date":"2026-04-05T02:22:18","calc_backorders":null,"jetpack_sharing_enabled":true,"_links":{"self":[{"href":"https:\/\/www.nochilinga-alpakas.at\/shop.nochilinga-alpakas.at\/wp-json\/wp\/v2\/product\/1039","targetHints":{"allow":["GET"]}}],"collection":[{"href":"https:\/\/www.nochilinga-alpakas.at\/shop.nochilinga-alpakas.at\/wp-json\/wp\/v2\/product"}],"about":[{"href":"https:\/\/www.nochilinga-alpakas.at\/shop.nochilinga-alpakas.at\/wp-json\/wp\/v2\/types\/product"}],"wp:featuredmedia":[{"embeddable":true,"href":"https:\/\/www.nochilinga-alpakas.at\/shop.nochilinga-alpakas.at\/wp-json\/wp\/v2\/media\/1041"}],"wp:attachment":[{"href":"https:\/\/www.nochilinga-alpakas.at\/shop.nochilinga-alpakas.at\/wp-json\/wp\/v2\/media?parent=1039"}],"wp:term":[{"taxonomy":"product_brand","embeddable":true,"href":"https:\/\/www.nochilinga-alpakas.at\/shop.nochilinga-alpakas.at\/wp-json\/wp\/v2\/product_brand?post=1039"},{"taxonomy":"product_cat","embeddable":true,"href":"https:\/\/www.nochilinga-alpakas.at\/shop.nochilinga-alpakas.at\/wp-json\/wp\/v2\/product_cat?post=1039"},{"taxonomy":"product_tag","embeddable":true,"href":"https:\/\/www.nochilinga-alpakas.at\/shop.nochilinga-alpakas.at\/wp-json\/wp\/v2\/product_tag?post=1039"}],"curies":[{"name":"wp","href":"https:\/\/api.w.org\/{rel}","templated":true}]}}