{"id":1357,"date":"2025-09-09T11:55:22","date_gmt":"2025-09-09T09:55:22","guid":{"rendered":"https:\/\/www.nochilinga-alpakas.at\/shop.nochilinga-alpakas.at\/?post_type=product&#038;p=1357"},"modified":"2026-03-28T14:54:30","modified_gmt":"2026-03-28T13:54:30","slug":"royal-alpaca-sport-beanie-muetze","status":"publish","type":"product","link":"https:\/\/www.nochilinga-alpakas.at\/shop.nochilinga-alpakas.at\/produkt\/royal-alpaca-sport-beanie-muetze\/","title":{"rendered":"Royal Alpaca Sport Beanie M\u00fctze"},"content":{"rendered":"<p>Diese sportliche M\u00fctze ist ein perfekter Begleiter f\u00fcr Ihre t\u00e4gliche Joggingrunde am Morgen. Dadurch, dass sie so d\u00fcnn und leicht ist kann man sie auch hervorragend beim Wintersport unter dem Helm tragen. Die sorgf\u00e4ltig ausgew\u00e4hlte Materialzusammensetzung bietet alles was Sie beim Sporteln an k\u00fchleren Tagen brauchen: Thermoregulierung und leichtes Gewicht f\u00fcr optimales Tragegef\u00fchl.<\/p>\n<p>&#8211; Material: 63% Royal Alpaka 27% Lyocell (Tencel) 10% Elasthan<br \/>\n&#8211; f\u00fcr Damen und Herren<br \/>\n&#8211; angenehm zu tragen<br \/>\n&#8211; w\u00e4rmt hervorragend<br \/>\n-doppelt gestrickt<\/p>\n","protected":false},"excerpt":{"rendered":"<p>Diese sportliche M\u00fctze ist ein perfekter Begleiter f\u00fcr Ihre t\u00e4gliche Joggingrunde am Morgen. Dadurch, dass sie so d\u00fcnn und leicht ist kann man sie auch hervorragend beim Wintersport unter dem Helm tragen. Die sorgf\u00e4ltig ausgew\u00e4hlte Materialzusammensetzung bietet alles was Sie beim Sporteln an k\u00fchleren Tagen brauchen: Thermoregulierung und leichtes Gewicht f\u00fcr optimales Tragegef\u00fchl. &#8211; Material: [&hellip;]<\/p>\n","protected":false},"featured_media":1369,"template":"","meta":[],"product_brand":[],"product_cat":[17],"product_tag":[],"class_list":{"0":"post-1357","1":"product","2":"type-product","3":"status-publish","4":"has-post-thumbnail","6":"product_cat-muetzen","7":"pa_farbe-coral-melange","8":"pa_farbe-khaki","9":"pa_farbe-petrol","10":"pa_farbe-schwarz","12":"first","13":"instock","14":"shipping-taxable","15":"purchasable","16":"product-type-variable"},"supplier_id":null,"supplier_sku":"","barcode":null,"atum_controlled":true,"out_stock_date":null,"out_stock_threshold":null,"inheritable":true,"inbound_stock":0,"stock_on_hold":0,"sold_today":0,"sales_last_days":0,"reserved_stock":null,"customer_returns":null,"warehouse_damage":null,"lost_in_post":null,"other_logs":null,"out_stock_days":0,"lost_sales":0,"has_location":false,"update_date":"2026-04-05T02:22:21","atum_locations":[],"atum_stock_status":"instock","restock_status":false,"low_stock_amount":"","sales_update_date":"2026-04-05T02:22:21","calc_backorders":null,"jetpack_sharing_enabled":true,"_links":{"self":[{"href":"https:\/\/www.nochilinga-alpakas.at\/shop.nochilinga-alpakas.at\/wp-json\/wp\/v2\/product\/1357","targetHints":{"allow":["GET"]}}],"collection":[{"href":"https:\/\/www.nochilinga-alpakas.at\/shop.nochilinga-alpakas.at\/wp-json\/wp\/v2\/product"}],"about":[{"href":"https:\/\/www.nochilinga-alpakas.at\/shop.nochilinga-alpakas.at\/wp-json\/wp\/v2\/types\/product"}],"wp:featuredmedia":[{"embeddable":true,"href":"https:\/\/www.nochilinga-alpakas.at\/shop.nochilinga-alpakas.at\/wp-json\/wp\/v2\/media\/1369"}],"wp:attachment":[{"href":"https:\/\/www.nochilinga-alpakas.at\/shop.nochilinga-alpakas.at\/wp-json\/wp\/v2\/media?parent=1357"}],"wp:term":[{"taxonomy":"product_brand","embeddable":true,"href":"https:\/\/www.nochilinga-alpakas.at\/shop.nochilinga-alpakas.at\/wp-json\/wp\/v2\/product_brand?post=1357"},{"taxonomy":"product_cat","embeddable":true,"href":"https:\/\/www.nochilinga-alpakas.at\/shop.nochilinga-alpakas.at\/wp-json\/wp\/v2\/product_cat?post=1357"},{"taxonomy":"product_tag","embeddable":true,"href":"https:\/\/www.nochilinga-alpakas.at\/shop.nochilinga-alpakas.at\/wp-json\/wp\/v2\/product_tag?post=1357"}],"curies":[{"name":"wp","href":"https:\/\/api.w.org\/{rel}","templated":true}]}}