{"id":1391,"date":"2025-09-09T13:35:44","date_gmt":"2025-09-09T11:35:44","guid":{"rendered":"https:\/\/www.nochilinga-alpakas.at\/shop.nochilinga-alpakas.at\/?post_type=product&#038;p=1391"},"modified":"2026-01-22T17:16:50","modified_gmt":"2026-01-22T16:16:50","slug":"dotted-socken-baby-alpaka-premium","status":"publish","type":"product","link":"https:\/\/www.nochilinga-alpakas.at\/shop.nochilinga-alpakas.at\/produkt\/dotted-socken-baby-alpaka-premium\/","title":{"rendered":"Dotted Socken, Baby Alpaka Premium"},"content":{"rendered":"<p>Die Premium Alpaka DOTTED SOCKEN \u00fcberzeugen mit ihrem klassischen, eleganten Punktmuster und luxuri\u00f6sem Baby-Alpaka-Komfort. Verst\u00e4rkte Bereiche an Zehen und Fersen bieten optimalen Halt und Langlebigkeit, w\u00e4hrend das weiche Material f\u00fcr ein angenehmes Tragegef\u00fchl sorgt.<\/p>\n<p>\u2022 Material: 58% Alpaka (Baby Alpaka), 25% Nylon, 14% Wolle, 3% Elasthan<br \/>\n\u2022 Qualit\u00e4t: Garantiert mulesing-freie Wolle<br \/>\n\u2022 Design: Klassisches Punktmuster mit dezentem Alpaka-Logo<br \/>\n\u2022 Schnitt: Verst\u00e4rkte Zehen- und Fersenbereiche f\u00fcr hohen Tragekomfort und Langlebigkeit<br \/>\n\u2022 Eigenschaften: Thermoregulierend, perfekter Halt und optimale Passform<\/p>\n","protected":false},"excerpt":{"rendered":"<p>Die Premium Alpaka DOTTED SOCKEN \u00fcberzeugen mit ihrem klassischen, eleganten Punktmuster und luxuri\u00f6sem Baby-Alpaka-Komfort. Verst\u00e4rkte Bereiche an Zehen und Fersen bieten optimalen Halt und Langlebigkeit, w\u00e4hrend das weiche Material f\u00fcr ein angenehmes Tragegef\u00fchl sorgt. \u2022 Material: 58% Alpaka (Baby Alpaka), 25% Nylon, 14% Wolle, 3% Elasthan \u2022 Qualit\u00e4t: Garantiert mulesing-freie Wolle \u2022 Design: Klassisches Punktmuster [&hellip;]<\/p>\n","protected":false},"featured_media":1396,"template":"","meta":[],"product_brand":[],"product_cat":[16],"product_tag":[],"class_list":{"0":"post-1391","1":"product","2":"type-product","3":"status-publish","4":"has-post-thumbnail","6":"product_cat-socken","7":"pa_masseinheit-36-38","8":"pa_masseinheit-39-41","9":"pa_masseinheit-42-44","10":"pa_masseinheit-45-48","12":"first","13":"instock","14":"shipping-taxable","15":"purchasable","16":"product-type-variable"},"supplier_id":null,"supplier_sku":"","barcode":null,"atum_controlled":true,"out_stock_date":null,"out_stock_threshold":null,"inheritable":true,"inbound_stock":0,"stock_on_hold":0,"sold_today":0,"sales_last_days":0,"reserved_stock":null,"customer_returns":null,"warehouse_damage":null,"lost_in_post":null,"other_logs":null,"out_stock_days":0,"lost_sales":0,"has_location":false,"update_date":"2026-04-05T02:22:19","atum_locations":[],"atum_stock_status":"instock","restock_status":false,"low_stock_amount":"","sales_update_date":"2026-04-05T02:22:19","calc_backorders":null,"jetpack_sharing_enabled":true,"_links":{"self":[{"href":"https:\/\/www.nochilinga-alpakas.at\/shop.nochilinga-alpakas.at\/wp-json\/wp\/v2\/product\/1391","targetHints":{"allow":["GET"]}}],"collection":[{"href":"https:\/\/www.nochilinga-alpakas.at\/shop.nochilinga-alpakas.at\/wp-json\/wp\/v2\/product"}],"about":[{"href":"https:\/\/www.nochilinga-alpakas.at\/shop.nochilinga-alpakas.at\/wp-json\/wp\/v2\/types\/product"}],"wp:featuredmedia":[{"embeddable":true,"href":"https:\/\/www.nochilinga-alpakas.at\/shop.nochilinga-alpakas.at\/wp-json\/wp\/v2\/media\/1396"}],"wp:attachment":[{"href":"https:\/\/www.nochilinga-alpakas.at\/shop.nochilinga-alpakas.at\/wp-json\/wp\/v2\/media?parent=1391"}],"wp:term":[{"taxonomy":"product_brand","embeddable":true,"href":"https:\/\/www.nochilinga-alpakas.at\/shop.nochilinga-alpakas.at\/wp-json\/wp\/v2\/product_brand?post=1391"},{"taxonomy":"product_cat","embeddable":true,"href":"https:\/\/www.nochilinga-alpakas.at\/shop.nochilinga-alpakas.at\/wp-json\/wp\/v2\/product_cat?post=1391"},{"taxonomy":"product_tag","embeddable":true,"href":"https:\/\/www.nochilinga-alpakas.at\/shop.nochilinga-alpakas.at\/wp-json\/wp\/v2\/product_tag?post=1391"}],"curies":[{"name":"wp","href":"https:\/\/api.w.org\/{rel}","templated":true}]}}