{"id":1401,"date":"2025-09-09T15:26:07","date_gmt":"2025-09-09T13:26:07","guid":{"rendered":"https:\/\/www.nochilinga-alpakas.at\/shop.nochilinga-alpakas.at\/?post_type=product&#038;p=1401"},"modified":"2026-01-22T15:41:31","modified_gmt":"2026-01-22T14:41:31","slug":"alpaquitas-socken-baby-alpaka-premium","status":"publish","type":"product","link":"https:\/\/www.nochilinga-alpakas.at\/shop.nochilinga-alpakas.at\/produkt\/alpaquitas-socken-baby-alpaka-premium\/","title":{"rendered":"Alpaquitas Socken, Baby Alpaka Premium"},"content":{"rendered":"<p>Die Alpaka Premium ALPAQUITAS SOCKEN bringen mit ihrem fr\u00f6hlichen Design und dem luxuri\u00f6sen Baby-Alpaka-Mix Farbe in den Alltag. Die farbenfrohen Alpakas verleihen den Socken einen verspielten Look, w\u00e4hrend verst\u00e4rkte Zehen- und Fersenbereiche f\u00fcr optimalen Halt und Langlebigkeit sorgen.<\/p>\n<p>\u2022 Material: 56% Alpaka (Baby Alpaka), 28% Nylon, 14% Wolle, 2% Elasthan<br \/>\n\u2022 Qualit\u00e4t: Garantiert mulesing-freie Wolle<br \/>\n\u2022 Design: Jacquard-Muster mit bunten Alpakas f\u00fcr einen einzigartigen Look<br \/>\n\u2022 Schnitt: Verst\u00e4rkte Zehen- und Fersenbereiche f\u00fcr maximalen Komfort und Langlebigkeit<br \/>\n\u2022 Eigenschaften: Thermoregulierend, perfekter Halt und optimale Passform<\/p>\n","protected":false},"excerpt":{"rendered":"<p>Die Alpaka Premium ALPAQUITAS SOCKEN bringen mit ihrem fr\u00f6hlichen Design und dem luxuri\u00f6sen Baby-Alpaka-Mix Farbe in den Alltag. Die farbenfrohen Alpakas verleihen den Socken einen verspielten Look, w\u00e4hrend verst\u00e4rkte Zehen- und Fersenbereiche f\u00fcr optimalen Halt und Langlebigkeit sorgen. \u2022 Material: 56% Alpaka (Baby Alpaka), 28% Nylon, 14% Wolle, 2% Elasthan \u2022 Qualit\u00e4t: Garantiert mulesing-freie Wolle [&hellip;]<\/p>\n","protected":false},"featured_media":1406,"template":"","meta":[],"product_brand":[],"product_cat":[16],"product_tag":[],"class_list":{"0":"post-1401","1":"product","2":"type-product","3":"status-publish","4":"has-post-thumbnail","6":"product_cat-socken","7":"pa_masseinheit-36-38","8":"pa_masseinheit-39-41","9":"pa_masseinheit-42-44","10":"pa_masseinheit-45-48","12":"first","13":"instock","14":"shipping-taxable","15":"purchasable","16":"product-type-variable"},"supplier_id":null,"supplier_sku":"","barcode":null,"atum_controlled":true,"out_stock_date":null,"out_stock_threshold":null,"inheritable":true,"inbound_stock":0,"stock_on_hold":0,"sold_today":0,"sales_last_days":0,"reserved_stock":null,"customer_returns":null,"warehouse_damage":null,"lost_in_post":null,"other_logs":null,"out_stock_days":0,"lost_sales":0,"has_location":false,"update_date":"2026-04-05T02:22:21","atum_locations":[],"atum_stock_status":"instock","restock_status":false,"low_stock_amount":"","sales_update_date":"2026-04-05T02:22:21","calc_backorders":null,"jetpack_sharing_enabled":true,"_links":{"self":[{"href":"https:\/\/www.nochilinga-alpakas.at\/shop.nochilinga-alpakas.at\/wp-json\/wp\/v2\/product\/1401","targetHints":{"allow":["GET"]}}],"collection":[{"href":"https:\/\/www.nochilinga-alpakas.at\/shop.nochilinga-alpakas.at\/wp-json\/wp\/v2\/product"}],"about":[{"href":"https:\/\/www.nochilinga-alpakas.at\/shop.nochilinga-alpakas.at\/wp-json\/wp\/v2\/types\/product"}],"wp:featuredmedia":[{"embeddable":true,"href":"https:\/\/www.nochilinga-alpakas.at\/shop.nochilinga-alpakas.at\/wp-json\/wp\/v2\/media\/1406"}],"wp:attachment":[{"href":"https:\/\/www.nochilinga-alpakas.at\/shop.nochilinga-alpakas.at\/wp-json\/wp\/v2\/media?parent=1401"}],"wp:term":[{"taxonomy":"product_brand","embeddable":true,"href":"https:\/\/www.nochilinga-alpakas.at\/shop.nochilinga-alpakas.at\/wp-json\/wp\/v2\/product_brand?post=1401"},{"taxonomy":"product_cat","embeddable":true,"href":"https:\/\/www.nochilinga-alpakas.at\/shop.nochilinga-alpakas.at\/wp-json\/wp\/v2\/product_cat?post=1401"},{"taxonomy":"product_tag","embeddable":true,"href":"https:\/\/www.nochilinga-alpakas.at\/shop.nochilinga-alpakas.at\/wp-json\/wp\/v2\/product_tag?post=1401"}],"curies":[{"name":"wp","href":"https:\/\/api.w.org\/{rel}","templated":true}]}}