{"id":1477,"date":"2025-10-15T16:21:27","date_gmt":"2025-10-15T14:21:27","guid":{"rendered":"https:\/\/www.nochilinga-alpakas.at\/shop.nochilinga-alpakas.at\/?post_type=product&#038;p=1477"},"modified":"2026-03-28T14:54:31","modified_gmt":"2026-03-28T13:54:31","slug":"wandersocken-baby-alpaka-premium","status":"publish","type":"product","link":"https:\/\/www.nochilinga-alpakas.at\/shop.nochilinga-alpakas.at\/produkt\/wandersocken-baby-alpaka-premium\/","title":{"rendered":"Wandersocken, Baby Alpaka Premium"},"content":{"rendered":"<p>Weich, warm und atmungsaktiv, ideal f\u00fcr alle Freizeit-, Sport- und Outdoor-Aktivit\u00e4ten.<\/p>\n<p>Die genialen Eigenschaften von Alpaka kommen hier optimal zur Geltung. Die Alpaka-Faser wirkt dank mikroskopisch kleiner Hohlr\u00e4ume temperatur-ausgleichend. Das sorgt f\u00fcr eine ideale Klimaregulierung. So bleiben Ihre F\u00fc\u00dfe trocken und warm, w\u00e4hrend Schwei\u00df- und Geruchsbildung verhindert wird. Durch den geringen Anteil an Lanolin (Wollfett) ist diese Socke ideal geeignet auch f\u00fcr Allergiker und Neurodermitiker. Profitieren Sie von der langen Haltbarkeit aufgrund der hohen Strapazierf\u00e4higkeit der Faser. Genie\u00dfen Sie das unglaublich weiche Tragegef\u00fchl dieser Socken.<\/p>\n<p>Mit nat\u00fcrlicher Aloe Vera &amp; Jojoba\u00f6l-Ausr\u00fcstung f\u00fcr besondere Weichheit, optimale Hydrobalance und ein angenehmes Tragegef\u00fchl. Aloe Vera und Jojoba helfen, die nat\u00fcrliche Hautfeuchtigkeit zu bewahren, indem sie Feuchtigkeit spenden und \u00fcbersch\u00fcssige Feuchtigkeit ableiten, was unangenehmes Schwitzen reduziert. Die beruhigenden Eigenschaften sch\u00fctzen empfindliche Haut und halten die Faser nachhaltig geschmeidig.<\/p>\n<p>&#8211; Material:<br \/>\nFarbe anthrazit: 70% Alpaka (Baby Alpaka), 25% Pima Baumwolle, 4% Nylon, 1% Elasthan<br \/>\nFarbe grau-silber: 60% Alpaka (Baby Alpaka), 25% Pima Baumwolle,\u00a0 13% Nylon, 2% Elasthan<br \/>\n&#8211; sportliches Muster<br \/>\n&#8211; eng gezwirnt f\u00fcr hohe Belastbarkeit<br \/>\n&#8211; verst\u00e4rkter Fersen- und Zehenbereich<br \/>\n&#8211; leicht frottierte Unterseite<br \/>\n&#8211; perfekter Halt dank feinem Rippenstrickb\u00fcndchen<\/p>\n","protected":false},"excerpt":{"rendered":"<p>Weich, warm und atmungsaktiv, ideal f\u00fcr alle Freizeit-, Sport- und Outdoor-Aktivit\u00e4ten. Die genialen Eigenschaften von Alpaka kommen hier optimal zur Geltung. Die Alpaka-Faser wirkt dank mikroskopisch kleiner Hohlr\u00e4ume temperatur-ausgleichend. Das sorgt f\u00fcr eine ideale Klimaregulierung. So bleiben Ihre F\u00fc\u00dfe trocken und warm, w\u00e4hrend Schwei\u00df- und Geruchsbildung verhindert wird. Durch den geringen Anteil an Lanolin (Wollfett) [&hellip;]<\/p>\n","protected":false},"featured_media":1484,"template":"","meta":[],"product_brand":[],"product_cat":[16],"product_tag":[],"class_list":{"0":"post-1477","1":"product","2":"type-product","3":"status-publish","4":"has-post-thumbnail","6":"product_cat-socken","7":"pa_farbe-anthrazit","8":"pa_farbe-grau-silber","9":"pa_masseinheit-36-38","10":"pa_masseinheit-39-41","11":"pa_masseinheit-42-44","12":"pa_masseinheit-45-48","14":"first","15":"instock","16":"shipping-taxable","17":"purchasable","18":"product-type-variable"},"supplier_id":null,"supplier_sku":"","barcode":null,"atum_controlled":true,"out_stock_date":null,"out_stock_threshold":null,"inheritable":true,"inbound_stock":0,"stock_on_hold":0,"sold_today":0,"sales_last_days":0,"reserved_stock":null,"customer_returns":null,"warehouse_damage":null,"lost_in_post":null,"other_logs":null,"out_stock_days":0,"lost_sales":0,"has_location":false,"update_date":"2026-04-05T02:22:22","atum_locations":[],"atum_stock_status":"instock","restock_status":false,"low_stock_amount":"","sales_update_date":"2026-04-05T02:22:22","calc_backorders":null,"jetpack_sharing_enabled":true,"_links":{"self":[{"href":"https:\/\/www.nochilinga-alpakas.at\/shop.nochilinga-alpakas.at\/wp-json\/wp\/v2\/product\/1477","targetHints":{"allow":["GET"]}}],"collection":[{"href":"https:\/\/www.nochilinga-alpakas.at\/shop.nochilinga-alpakas.at\/wp-json\/wp\/v2\/product"}],"about":[{"href":"https:\/\/www.nochilinga-alpakas.at\/shop.nochilinga-alpakas.at\/wp-json\/wp\/v2\/types\/product"}],"wp:featuredmedia":[{"embeddable":true,"href":"https:\/\/www.nochilinga-alpakas.at\/shop.nochilinga-alpakas.at\/wp-json\/wp\/v2\/media\/1484"}],"wp:attachment":[{"href":"https:\/\/www.nochilinga-alpakas.at\/shop.nochilinga-alpakas.at\/wp-json\/wp\/v2\/media?parent=1477"}],"wp:term":[{"taxonomy":"product_brand","embeddable":true,"href":"https:\/\/www.nochilinga-alpakas.at\/shop.nochilinga-alpakas.at\/wp-json\/wp\/v2\/product_brand?post=1477"},{"taxonomy":"product_cat","embeddable":true,"href":"https:\/\/www.nochilinga-alpakas.at\/shop.nochilinga-alpakas.at\/wp-json\/wp\/v2\/product_cat?post=1477"},{"taxonomy":"product_tag","embeddable":true,"href":"https:\/\/www.nochilinga-alpakas.at\/shop.nochilinga-alpakas.at\/wp-json\/wp\/v2\/product_tag?post=1477"}],"curies":[{"name":"wp","href":"https:\/\/api.w.org\/{rel}","templated":true}]}}