{"id":1660,"date":"2026-01-22T16:50:08","date_gmt":"2026-01-22T15:50:08","guid":{"rendered":"https:\/\/www.nochilinga-alpakas.at\/shop.nochilinga-alpakas.at\/?post_type=product&#038;p=1660"},"modified":"2026-01-22T18:59:45","modified_gmt":"2026-01-22T17:59:45","slug":"kaenguru-handschuhe","status":"publish","type":"product","link":"https:\/\/www.nochilinga-alpakas.at\/shop.nochilinga-alpakas.at\/produkt\/kaenguru-handschuhe\/","title":{"rendered":"K\u00e4nguru Handschuhe"},"content":{"rendered":"<p>Zwei Handschuhe in einem. Entweder Halbfinger- Handschuh oder F\u00e4ustling. Klappen Sie einfach die angen\u00e4hte Klappe hoch wenn Ihre Fingerspitzen frieren. Wenn Sie diese doch nicht mehr brauchen befestigen Sie die Klappe einfach wieder mit dem Druckknopf.<\/p>\n<p>Material: 100% Alpaka (Baby Alpaka) &#8211; f\u00fcr Damen und Herren &#8211; F\u00e4ustling l\u00e4sst sich durch Knopf fixieren<br \/>\nRippenb\u00fcndchen Umfang Gr\u00f6\u00dfe S: 17-20cm M: 20-22,5cm L: 22,5-26cm (ungef\u00e4hre Angaben)<\/p>\n","protected":false},"excerpt":{"rendered":"<p>Zwei Handschuhe in einem. Entweder Halbfinger- Handschuh oder F\u00e4ustling. Klappen Sie einfach die angen\u00e4hte Klappe hoch wenn Ihre Fingerspitzen frieren. Wenn Sie diese doch nicht mehr brauchen befestigen Sie die Klappe einfach wieder mit dem Druckknopf. Material: 100% Alpaka (Baby Alpaka) &#8211; f\u00fcr Damen und Herren &#8211; F\u00e4ustling l\u00e4sst sich durch Knopf fixieren Rippenb\u00fcndchen Umfang [&hellip;]<\/p>\n","protected":false},"featured_media":1683,"template":"","meta":[],"product_brand":[],"product_cat":[48],"product_tag":[],"class_list":{"0":"post-1660","1":"product","2":"type-product","3":"status-publish","4":"has-post-thumbnail","6":"product_cat-handschuhe","7":"pa_farbe-grau","8":"pa_farbe-schwarz","10":"first","11":"instock","12":"shipping-taxable","13":"purchasable","14":"product-type-variable"},"supplier_id":null,"supplier_sku":"","barcode":null,"atum_controlled":true,"out_stock_date":null,"out_stock_threshold":null,"inheritable":true,"inbound_stock":0,"stock_on_hold":0,"sold_today":0,"sales_last_days":0,"reserved_stock":null,"customer_returns":null,"warehouse_damage":null,"lost_in_post":null,"other_logs":null,"out_stock_days":0,"lost_sales":0,"has_location":false,"update_date":"2026-04-05T02:22:22","atum_locations":[],"atum_stock_status":"instock","restock_status":false,"low_stock_amount":"","sales_update_date":"2026-04-05T02:22:22","calc_backorders":null,"jetpack_sharing_enabled":true,"_links":{"self":[{"href":"https:\/\/www.nochilinga-alpakas.at\/shop.nochilinga-alpakas.at\/wp-json\/wp\/v2\/product\/1660","targetHints":{"allow":["GET"]}}],"collection":[{"href":"https:\/\/www.nochilinga-alpakas.at\/shop.nochilinga-alpakas.at\/wp-json\/wp\/v2\/product"}],"about":[{"href":"https:\/\/www.nochilinga-alpakas.at\/shop.nochilinga-alpakas.at\/wp-json\/wp\/v2\/types\/product"}],"wp:featuredmedia":[{"embeddable":true,"href":"https:\/\/www.nochilinga-alpakas.at\/shop.nochilinga-alpakas.at\/wp-json\/wp\/v2\/media\/1683"}],"wp:attachment":[{"href":"https:\/\/www.nochilinga-alpakas.at\/shop.nochilinga-alpakas.at\/wp-json\/wp\/v2\/media?parent=1660"}],"wp:term":[{"taxonomy":"product_brand","embeddable":true,"href":"https:\/\/www.nochilinga-alpakas.at\/shop.nochilinga-alpakas.at\/wp-json\/wp\/v2\/product_brand?post=1660"},{"taxonomy":"product_cat","embeddable":true,"href":"https:\/\/www.nochilinga-alpakas.at\/shop.nochilinga-alpakas.at\/wp-json\/wp\/v2\/product_cat?post=1660"},{"taxonomy":"product_tag","embeddable":true,"href":"https:\/\/www.nochilinga-alpakas.at\/shop.nochilinga-alpakas.at\/wp-json\/wp\/v2\/product_tag?post=1660"}],"curies":[{"name":"wp","href":"https:\/\/api.w.org\/{rel}","templated":true}]}}