{"id":1691,"date":"2026-02-17T10:44:46","date_gmt":"2026-02-17T09:44:46","guid":{"rendered":"https:\/\/www.nochilinga-alpakas.at\/shop.nochilinga-alpakas.at\/?post_type=product&#038;p=1691"},"modified":"2026-02-17T11:15:24","modified_gmt":"2026-02-17T10:15:24","slug":"shampoo-bar-alpaka-allrounder-60g","status":"publish","type":"product","link":"https:\/\/www.nochilinga-alpakas.at\/shop.nochilinga-alpakas.at\/produkt\/shampoo-bar-alpaka-allrounder-60g\/","title":{"rendered":"Shampoo bar &#8211; Alpaka Allrounder 60g"},"content":{"rendered":"<p>Alpaka Allrounder &#8211; 2 in 1 Shampoo &amp; Dusche<br \/>\nfestes Shampoo mit Alpakakeratin<\/p>\n<p>Keratin ist ein nat\u00fcrliches Faserprotein und Hauptbestandteil\u00a0in Haut, Haaren und N\u00e4geln.\u00a0Das Alpakavlies bzw. die Alpakafaser enth\u00e4lt\u00a0<strong>Keratin<\/strong>\u00a0und ist ein wertvoller Bestandteil\u00a0in der Alpaka-Seife. Die Seife ist\u00a0dadurch\u00a0sehr\u00a0<strong>sch\u00e4umend, geschmeidig und pflegend<\/strong>.<\/p>\n<div class=\"fe-block fe-block-9833fa2a4b478682c178\">\n<div id=\"block-9833fa2a4b478682c178\" class=\"sqs-block html-block sqs-block-html\" data-blend-mode=\"NORMAL\" data-block-type=\"2\" data-border-radii=\"{&quot;topLeft&quot;:{&quot;unit&quot;:&quot;px&quot;,&quot;value&quot;:0.0},&quot;topRight&quot;:{&quot;unit&quot;:&quot;px&quot;,&quot;value&quot;:0.0},&quot;bottomLeft&quot;:{&quot;unit&quot;:&quot;px&quot;,&quot;value&quot;:0.0},&quot;bottomRight&quot;:{&quot;unit&quot;:&quot;px&quot;,&quot;value&quot;:0.0}}\" data-sqsp-block=\"text\">\n<div class=\"sqs-block-content\">\n<div class=\"sqs-html-content\" data-sqsp-text-block-content=\"\">\n<p class=\"\">Mit hochwertigen \u00d6len wie Rizinus\u00f6l, Jojoba\u00f6l, Sonnenblumen\u00f6l und Baumwollsaat\u00f6l pflegt dieser feste Bar Haar und Haut intensiv. Er sch\u00fctzt vor Austrocknung, beugt Schuppenbildung vor und st\u00e4rkt den Haarschaft \u2013 f\u00fcr geschmeidiges, gesundes Haar von der Wurzel bis in die Spitzen.<\/p>\n<\/div>\n<\/div>\n<\/div>\n<\/div>\n<div class=\"fe-block fe-block-cbb82ad87219b4dafd12\">\n<div id=\"block-cbb82ad87219b4dafd12\" class=\"sqs-block html-block sqs-block-html\" data-blend-mode=\"NORMAL\" data-block-type=\"2\" data-border-radii=\"{&quot;topLeft&quot;:{&quot;unit&quot;:&quot;px&quot;,&quot;value&quot;:0.0},&quot;topRight&quot;:{&quot;unit&quot;:&quot;px&quot;,&quot;value&quot;:0.0},&quot;bottomLeft&quot;:{&quot;unit&quot;:&quot;px&quot;,&quot;value&quot;:0.0},&quot;bottomRight&quot;:{&quot;unit&quot;:&quot;px&quot;,&quot;value&quot;:0.0}}\" data-sqsp-block=\"text\">\n<div class=\"sqs-block-content\">\n<div class=\"sqs-html-content\" data-sqsp-text-block-content=\"\">\n<p class=\"\">Ein mildes Tensid reinigt sanft, ohne auszutrocknen,<br \/>\nund der frische Duft nach gr\u00fcnem Tee sorgt f\u00fcr ein belebendes Pflegeerlebnis.<\/p>\n<\/div>\n<\/div>\n<\/div>\n<\/div>\n","protected":false},"excerpt":{"rendered":"<p>Alpaka Allrounder &#8211; 2 in 1 Shampoo &amp; Dusche festes Shampoo mit Alpakakeratin Keratin ist ein nat\u00fcrliches Faserprotein und Hauptbestandteil\u00a0in Haut, Haaren und N\u00e4geln.\u00a0Das Alpakavlies bzw. die Alpakafaser enth\u00e4lt\u00a0Keratin\u00a0und ist ein wertvoller Bestandteil\u00a0in der Alpaka-Seife. Die Seife ist\u00a0dadurch\u00a0sehr\u00a0sch\u00e4umend, geschmeidig und pflegend. Mit hochwertigen \u00d6len wie Rizinus\u00f6l, Jojoba\u00f6l, Sonnenblumen\u00f6l und Baumwollsaat\u00f6l pflegt dieser feste Bar Haar [&hellip;]<\/p>\n","protected":false},"featured_media":1692,"template":"","meta":[],"product_brand":[],"product_cat":[18],"product_tag":[],"class_list":{"0":"post-1691","1":"product","2":"type-product","3":"status-publish","4":"has-post-thumbnail","6":"product_cat-seifen","8":"first","9":"instock","10":"shipping-taxable","11":"purchasable","12":"product-type-simple"},"supplier_id":null,"supplier_sku":"","barcode":null,"atum_controlled":true,"out_stock_date":null,"out_stock_threshold":null,"inheritable":false,"inbound_stock":0,"stock_on_hold":0,"sold_today":0,"sales_last_days":0,"reserved_stock":null,"customer_returns":null,"warehouse_damage":null,"lost_in_post":null,"other_logs":null,"out_stock_days":0,"lost_sales":0,"has_location":false,"update_date":"2026-04-05T02:22:22","atum_locations":[],"atum_stock_status":"instock","restock_status":false,"low_stock_amount":"","sales_update_date":"2026-04-05T02:22:22","calc_backorders":null,"jetpack_sharing_enabled":true,"_links":{"self":[{"href":"https:\/\/www.nochilinga-alpakas.at\/shop.nochilinga-alpakas.at\/wp-json\/wp\/v2\/product\/1691","targetHints":{"allow":["GET"]}}],"collection":[{"href":"https:\/\/www.nochilinga-alpakas.at\/shop.nochilinga-alpakas.at\/wp-json\/wp\/v2\/product"}],"about":[{"href":"https:\/\/www.nochilinga-alpakas.at\/shop.nochilinga-alpakas.at\/wp-json\/wp\/v2\/types\/product"}],"wp:featuredmedia":[{"embeddable":true,"href":"https:\/\/www.nochilinga-alpakas.at\/shop.nochilinga-alpakas.at\/wp-json\/wp\/v2\/media\/1692"}],"wp:attachment":[{"href":"https:\/\/www.nochilinga-alpakas.at\/shop.nochilinga-alpakas.at\/wp-json\/wp\/v2\/media?parent=1691"}],"wp:term":[{"taxonomy":"product_brand","embeddable":true,"href":"https:\/\/www.nochilinga-alpakas.at\/shop.nochilinga-alpakas.at\/wp-json\/wp\/v2\/product_brand?post=1691"},{"taxonomy":"product_cat","embeddable":true,"href":"https:\/\/www.nochilinga-alpakas.at\/shop.nochilinga-alpakas.at\/wp-json\/wp\/v2\/product_cat?post=1691"},{"taxonomy":"product_tag","embeddable":true,"href":"https:\/\/www.nochilinga-alpakas.at\/shop.nochilinga-alpakas.at\/wp-json\/wp\/v2\/product_tag?post=1691"}],"curies":[{"name":"wp","href":"https:\/\/api.w.org\/{rel}","templated":true}]}}