{"id":191,"date":"2023-01-21T20:11:05","date_gmt":"2023-01-21T19:11:05","guid":{"rendered":"https:\/\/www.nochilinga-alpakas.at\/shop.nochilinga-alpakas.at\/?post_type=product&#038;p=191"},"modified":"2025-12-07T14:10:53","modified_gmt":"2025-12-07T13:10:53","slug":"kindersocken","status":"publish","type":"product","link":"https:\/\/www.nochilinga-alpakas.at\/shop.nochilinga-alpakas.at\/produkt\/kindersocken\/","title":{"rendered":"Kindersocken"},"content":{"rendered":"<p>Nat\u00fcrliche W\u00e4rme f\u00fcr Ihre Kleinen!<\/p>\n<p>&#8211; Material: 70% Alpaka (Baby Alpaka) 25% Baumwolle (Pima Baumwolle) 5% Nylon<br \/>\n&#8211; keine Chance f\u00fcr kalte F\u00fc\u00dfe durch Baby Alpaka<br \/>\n&#8211; Pima Baumwolle sorgt f\u00fcr angenehmes tragen<\/p>\n","protected":false},"excerpt":{"rendered":"<p>Nat\u00fcrliche W\u00e4rme f\u00fcr Ihre Kleinen! &#8211; Material: 70% Alpaka (Baby Alpaka) 25% Baumwolle (Pima Baumwolle) 5% Nylon &#8211; keine Chance f\u00fcr kalte F\u00fc\u00dfe durch Baby Alpaka &#8211; Pima Baumwolle sorgt f\u00fcr angenehmes tragen<\/p>\n","protected":false},"featured_media":200,"template":"","meta":[],"product_brand":[],"product_cat":[16],"product_tag":[],"class_list":{"0":"post-191","1":"product","2":"type-product","3":"status-publish","4":"has-post-thumbnail","6":"product_cat-socken","7":"pa_farbe-grau","8":"pa_farbe-hellblau","9":"pa_farbe-schwarz","10":"pa_farbe-wollweiss","11":"pa_masseinheit-18-20","12":"pa_masseinheit-21-23","13":"pa_masseinheit-24-26","14":"pa_masseinheit-27-29","15":"pa_masseinheit-30-32","16":"pa_masseinheit-33-35","18":"first","19":"instock","20":"shipping-taxable","21":"purchasable","22":"product-type-variable"},"supplier_id":null,"supplier_sku":"","barcode":null,"atum_controlled":true,"out_stock_date":null,"out_stock_threshold":null,"inheritable":true,"inbound_stock":0,"stock_on_hold":0,"sold_today":0,"sales_last_days":0,"reserved_stock":0,"customer_returns":0,"warehouse_damage":0,"lost_in_post":0,"other_logs":0,"out_stock_days":0,"lost_sales":0,"has_location":false,"update_date":"2026-04-05T02:21:59","atum_locations":[],"atum_stock_status":"instock","restock_status":false,"low_stock_amount":"","sales_update_date":"2026-04-05T02:21:59","calc_backorders":null,"jetpack_sharing_enabled":true,"_links":{"self":[{"href":"https:\/\/www.nochilinga-alpakas.at\/shop.nochilinga-alpakas.at\/wp-json\/wp\/v2\/product\/191","targetHints":{"allow":["GET"]}}],"collection":[{"href":"https:\/\/www.nochilinga-alpakas.at\/shop.nochilinga-alpakas.at\/wp-json\/wp\/v2\/product"}],"about":[{"href":"https:\/\/www.nochilinga-alpakas.at\/shop.nochilinga-alpakas.at\/wp-json\/wp\/v2\/types\/product"}],"wp:featuredmedia":[{"embeddable":true,"href":"https:\/\/www.nochilinga-alpakas.at\/shop.nochilinga-alpakas.at\/wp-json\/wp\/v2\/media\/200"}],"wp:attachment":[{"href":"https:\/\/www.nochilinga-alpakas.at\/shop.nochilinga-alpakas.at\/wp-json\/wp\/v2\/media?parent=191"}],"wp:term":[{"taxonomy":"product_brand","embeddable":true,"href":"https:\/\/www.nochilinga-alpakas.at\/shop.nochilinga-alpakas.at\/wp-json\/wp\/v2\/product_brand?post=191"},{"taxonomy":"product_cat","embeddable":true,"href":"https:\/\/www.nochilinga-alpakas.at\/shop.nochilinga-alpakas.at\/wp-json\/wp\/v2\/product_cat?post=191"},{"taxonomy":"product_tag","embeddable":true,"href":"https:\/\/www.nochilinga-alpakas.at\/shop.nochilinga-alpakas.at\/wp-json\/wp\/v2\/product_tag?post=191"}],"curies":[{"name":"wp","href":"https:\/\/api.w.org\/{rel}","templated":true}]}}