{"id":211,"date":"2023-01-21T20:34:14","date_gmt":"2023-01-21T19:34:14","guid":{"rendered":"https:\/\/www.nochilinga-alpakas.at\/shop.nochilinga-alpakas.at\/?post_type=product&#038;p=211"},"modified":"2026-03-17T06:40:51","modified_gmt":"2026-03-17T05:40:51","slug":"flieder-90g","status":"publish","type":"product","link":"https:\/\/www.nochilinga-alpakas.at\/shop.nochilinga-alpakas.at\/produkt\/flieder-90g\/","title":{"rendered":"Seife, 90g diverse D\u00fcfte"},"content":{"rendered":"<p>Keratin ist ein nat\u00fcrliches Faserprotein und Hauptbestandteil\u00a0in Haut, Haaren und N\u00e4geln.\u00a0Das Alpakavlies bzw. die Alpakafaser enth\u00e4lt\u00a0<strong>Keratin<\/strong>\u00a0und ist ein wertvoller Bestandteil\u00a0in der Alpaka-Seife. Die Seife ist\u00a0dadurch\u00a0sehr\u00a0<strong>sch\u00e4umend, geschmeidig und pflegend<\/strong>.<\/p>\n<p>Naturseife, handgesiedet mit Alpaka-Keratin<\/p>\n<p>&#8211; Inhaltsstoffe:<br \/>\nOliven\u00f6l, Kokos\u00f6l, Shea-Butter, Kakaobutter, Alpaka-Keratin, verschiedene D\u00fcfte<br \/>\n&#8211; palm\u00f6lfrei<\/p>\n","protected":false},"excerpt":{"rendered":"<p>Keratin ist ein nat\u00fcrliches Faserprotein und Hauptbestandteil\u00a0in Haut, Haaren und N\u00e4geln.\u00a0Das Alpakavlies bzw. die Alpakafaser enth\u00e4lt\u00a0Keratin\u00a0und ist ein wertvoller Bestandteil\u00a0in der Alpaka-Seife. Die Seife ist\u00a0dadurch\u00a0sehr\u00a0sch\u00e4umend, geschmeidig und pflegend. Naturseife, handgesiedet mit Alpaka-Keratin &#8211; Inhaltsstoffe: Oliven\u00f6l, Kokos\u00f6l, Shea-Butter, Kakaobutter, Alpaka-Keratin, verschiedene D\u00fcfte &#8211; palm\u00f6lfrei<\/p>\n","protected":false},"featured_media":228,"template":"","meta":[],"product_brand":[],"product_cat":[18],"product_tag":[],"class_list":{"0":"post-211","1":"product","2":"type-product","3":"status-publish","4":"has-post-thumbnail","6":"product_cat-seifen","8":"first","9":"instock","10":"shipping-taxable","11":"purchasable","12":"product-type-variable"},"supplier_id":null,"supplier_sku":"","barcode":null,"atum_controlled":true,"out_stock_date":null,"out_stock_threshold":null,"inheritable":true,"inbound_stock":0,"stock_on_hold":0,"sold_today":0,"sales_last_days":0,"reserved_stock":0,"customer_returns":0,"warehouse_damage":0,"lost_in_post":0,"other_logs":0,"out_stock_days":0,"lost_sales":0,"has_location":false,"update_date":"2026-04-05T02:22:13","atum_locations":[],"atum_stock_status":"instock","restock_status":false,"low_stock_amount":"","sales_update_date":"2026-04-05T02:22:13","calc_backorders":null,"jetpack_sharing_enabled":true,"_links":{"self":[{"href":"https:\/\/www.nochilinga-alpakas.at\/shop.nochilinga-alpakas.at\/wp-json\/wp\/v2\/product\/211","targetHints":{"allow":["GET"]}}],"collection":[{"href":"https:\/\/www.nochilinga-alpakas.at\/shop.nochilinga-alpakas.at\/wp-json\/wp\/v2\/product"}],"about":[{"href":"https:\/\/www.nochilinga-alpakas.at\/shop.nochilinga-alpakas.at\/wp-json\/wp\/v2\/types\/product"}],"wp:featuredmedia":[{"embeddable":true,"href":"https:\/\/www.nochilinga-alpakas.at\/shop.nochilinga-alpakas.at\/wp-json\/wp\/v2\/media\/228"}],"wp:attachment":[{"href":"https:\/\/www.nochilinga-alpakas.at\/shop.nochilinga-alpakas.at\/wp-json\/wp\/v2\/media?parent=211"}],"wp:term":[{"taxonomy":"product_brand","embeddable":true,"href":"https:\/\/www.nochilinga-alpakas.at\/shop.nochilinga-alpakas.at\/wp-json\/wp\/v2\/product_brand?post=211"},{"taxonomy":"product_cat","embeddable":true,"href":"https:\/\/www.nochilinga-alpakas.at\/shop.nochilinga-alpakas.at\/wp-json\/wp\/v2\/product_cat?post=211"},{"taxonomy":"product_tag","embeddable":true,"href":"https:\/\/www.nochilinga-alpakas.at\/shop.nochilinga-alpakas.at\/wp-json\/wp\/v2\/product_tag?post=211"}],"curies":[{"name":"wp","href":"https:\/\/api.w.org\/{rel}","templated":true}]}}