{"id":230,"date":"2023-01-22T11:16:49","date_gmt":"2023-01-22T10:16:49","guid":{"rendered":"https:\/\/www.nochilinga-alpakas.at\/shop.nochilinga-alpakas.at\/?post_type=product&#038;p=230"},"modified":"2026-01-22T15:41:28","modified_gmt":"2026-01-22T14:41:28","slug":"schuheinlagen-div-groessen","status":"publish","type":"product","link":"https:\/\/www.nochilinga-alpakas.at\/shop.nochilinga-alpakas.at\/produkt\/schuheinlagen-div-groessen\/","title":{"rendered":"Schuheinlagen, div. Gr\u00f6\u00dfen"},"content":{"rendered":"<p>&#8211; 70% Alpakawolle, 30% Schurwolle, Korkunterlage<br \/>\n&#8211; temperaturausgleichend, kein Schwitzen, f\u00fcr Winter und Sommer geeignet<br \/>\n&#8211; 3mm Korkunterlage verhindert das verrutschen im Schuh<br \/>\n&#8211; Doppelgr\u00f6\u00dfe, Schuheinlage zuschneidbar<\/p>\n","protected":false},"excerpt":{"rendered":"<p>&#8211; 70% Alpakawolle, 30% Schurwolle, Korkunterlage &#8211; temperaturausgleichend, kein Schwitzen, f\u00fcr Winter und Sommer geeignet &#8211; 3mm Korkunterlage verhindert das verrutschen im Schuh &#8211; Doppelgr\u00f6\u00dfe, Schuheinlage zuschneidbar<\/p>\n","protected":false},"featured_media":231,"template":"","meta":[],"product_brand":[],"product_cat":[47],"product_tag":[],"class_list":{"0":"post-230","1":"product","2":"type-product","3":"status-publish","4":"has-post-thumbnail","6":"product_cat-schuheinlagen-und-filzprodukte","8":"first","9":"instock","10":"shipping-taxable","11":"purchasable","12":"product-type-variable"},"supplier_id":null,"supplier_sku":"","barcode":null,"atum_controlled":true,"out_stock_date":null,"out_stock_threshold":null,"inheritable":true,"inbound_stock":0,"stock_on_hold":0,"sold_today":0,"sales_last_days":0,"reserved_stock":0,"customer_returns":0,"warehouse_damage":0,"lost_in_post":0,"other_logs":0,"out_stock_days":0,"lost_sales":0,"has_location":false,"update_date":"2026-04-05T02:22:00","atum_locations":[],"atum_stock_status":"instock","restock_status":false,"low_stock_amount":"","sales_update_date":"2026-04-05T02:22:00","calc_backorders":null,"jetpack_sharing_enabled":true,"_links":{"self":[{"href":"https:\/\/www.nochilinga-alpakas.at\/shop.nochilinga-alpakas.at\/wp-json\/wp\/v2\/product\/230","targetHints":{"allow":["GET"]}}],"collection":[{"href":"https:\/\/www.nochilinga-alpakas.at\/shop.nochilinga-alpakas.at\/wp-json\/wp\/v2\/product"}],"about":[{"href":"https:\/\/www.nochilinga-alpakas.at\/shop.nochilinga-alpakas.at\/wp-json\/wp\/v2\/types\/product"}],"wp:featuredmedia":[{"embeddable":true,"href":"https:\/\/www.nochilinga-alpakas.at\/shop.nochilinga-alpakas.at\/wp-json\/wp\/v2\/media\/231"}],"wp:attachment":[{"href":"https:\/\/www.nochilinga-alpakas.at\/shop.nochilinga-alpakas.at\/wp-json\/wp\/v2\/media?parent=230"}],"wp:term":[{"taxonomy":"product_brand","embeddable":true,"href":"https:\/\/www.nochilinga-alpakas.at\/shop.nochilinga-alpakas.at\/wp-json\/wp\/v2\/product_brand?post=230"},{"taxonomy":"product_cat","embeddable":true,"href":"https:\/\/www.nochilinga-alpakas.at\/shop.nochilinga-alpakas.at\/wp-json\/wp\/v2\/product_cat?post=230"},{"taxonomy":"product_tag","embeddable":true,"href":"https:\/\/www.nochilinga-alpakas.at\/shop.nochilinga-alpakas.at\/wp-json\/wp\/v2\/product_tag?post=230"}],"curies":[{"name":"wp","href":"https:\/\/api.w.org\/{rel}","templated":true}]}}