{"id":240,"date":"2023-01-24T15:17:33","date_gmt":"2023-01-24T14:17:33","guid":{"rendered":"https:\/\/www.nochilinga-alpakas.at\/shop.nochilinga-alpakas.at\/?post_type=product&#038;p=240"},"modified":"2026-03-28T15:07:28","modified_gmt":"2026-03-28T14:07:28","slug":"alpaka-wolle-regular-50g-div-farben","status":"publish","type":"product","link":"https:\/\/www.nochilinga-alpakas.at\/shop.nochilinga-alpakas.at\/produkt\/alpaka-wolle-regular-50g-div-farben\/","title":{"rendered":"Alpaka Wolle regular 50g, div. Farben"},"content":{"rendered":"<p>Diese vierfach gezwirnte Alpaka-Strickwolle aus 100% reinem Alpaka-Garn in Baby-Alpaka Qualit\u00e4t f\u00fcr die Nadel-St\u00e4rke 4-4,5 zeichnet sich durch unvergleichbare Feinheit aus.<br \/>\nTragekomfort, optische Eigenschaften wie der seidige Glanz und technische Vorteile wie die Feuchtigkeits-Regulierung sprechen f\u00fcr sich, denn Alpaka ist eine Hohlfaser. Sie wirkt temperatur-ausgleichend und kann bei gleicher Isolierung deutlich d\u00fcnner verarbeitet werden als z.B. Schafwolle oder andere Natur-Fasern. Durch diesen einzigartigen Temperatur-Ausgleich ist sie sowohl im Winter als auch im Sommer angenehm zu tragen. Sie kratzt und knittert nicht und ist gerade f\u00fcr sensible und empfindliche Haut geeignet. Da Alpaka-Wolle kaum Lanolin (Wollfett) enth\u00e4lt, ist sie bestens f\u00fcr Allergiker geeignet und neigt durch die besonders glatte Faser-Struktur kaum zum Pillen oder Verfilzen.<\/p>\n<p>&#8211; Material: 100% Alpaka (Baby Alpaka)<br \/>\n&#8211; strickt sich schnell und regelm\u00e4\u00dfig<br \/>\n&#8211; hautvertr\u00e4glich<br \/>\n&#8211; ungef\u00e4rbt<br \/>\n&#8211; splittet, pillt und fusselt kaum<br \/>\n&#8211; Handw\u00e4sche kalt mit Wollwaschmittel<br \/>\n&#8211; nicht wringen, nicht schleudern, liegend trocknen<br \/>\n&#8211; Laufl\u00e4nge: 50g ca. 100m = Nm 4\/8<br \/>\n&#8211; 4-fach gezwirnt<br \/>\n&#8211; empfohlene Nadelst\u00e4rke: 4mm<br \/>\n&#8211; Maschenprobe: 10cm*10cm = 26 Reihen, 20 Maschen<br \/>\n&#8211; ungef\u00e4hrer Verbrauch: Damen Gr. M = 500g, Herren Gr.M = 650g, 10 Jahre = 350g<\/p>\n","protected":false},"excerpt":{"rendered":"<p>Diese vierfach gezwirnte Alpaka-Strickwolle aus 100% reinem Alpaka-Garn in Baby-Alpaka Qualit\u00e4t f\u00fcr die Nadel-St\u00e4rke 4-4,5 zeichnet sich durch unvergleichbare Feinheit aus. Tragekomfort, optische Eigenschaften wie der seidige Glanz und technische Vorteile wie die Feuchtigkeits-Regulierung sprechen f\u00fcr sich, denn Alpaka ist eine Hohlfaser. Sie wirkt temperatur-ausgleichend und kann bei gleicher Isolierung deutlich d\u00fcnner verarbeitet werden als [&hellip;]<\/p>\n","protected":false},"featured_media":152,"template":"","meta":[],"product_brand":[],"product_cat":[50],"product_tag":[],"class_list":{"0":"post-240","1":"product","2":"type-product","3":"status-publish","4":"has-post-thumbnail","6":"product_cat-wolle","8":"first","9":"instock","10":"shipping-taxable","11":"purchasable","12":"product-type-variable"},"supplier_id":null,"supplier_sku":"","barcode":null,"atum_controlled":true,"out_stock_date":null,"out_stock_threshold":null,"inheritable":true,"inbound_stock":0,"stock_on_hold":0,"sold_today":0,"sales_last_days":0,"reserved_stock":0,"customer_returns":0,"warehouse_damage":0,"lost_in_post":0,"other_logs":0,"out_stock_days":0,"lost_sales":0,"has_location":false,"update_date":"2026-04-27T08:13:00","atum_locations":[],"atum_stock_status":"instock","restock_status":false,"low_stock_amount":"","sales_update_date":"2026-04-27T08:13:00","calc_backorders":null,"jetpack_sharing_enabled":true,"_links":{"self":[{"href":"https:\/\/www.nochilinga-alpakas.at\/shop.nochilinga-alpakas.at\/wp-json\/wp\/v2\/product\/240","targetHints":{"allow":["GET"]}}],"collection":[{"href":"https:\/\/www.nochilinga-alpakas.at\/shop.nochilinga-alpakas.at\/wp-json\/wp\/v2\/product"}],"about":[{"href":"https:\/\/www.nochilinga-alpakas.at\/shop.nochilinga-alpakas.at\/wp-json\/wp\/v2\/types\/product"}],"wp:featuredmedia":[{"embeddable":true,"href":"https:\/\/www.nochilinga-alpakas.at\/shop.nochilinga-alpakas.at\/wp-json\/wp\/v2\/media\/152"}],"wp:attachment":[{"href":"https:\/\/www.nochilinga-alpakas.at\/shop.nochilinga-alpakas.at\/wp-json\/wp\/v2\/media?parent=240"}],"wp:term":[{"taxonomy":"product_brand","embeddable":true,"href":"https:\/\/www.nochilinga-alpakas.at\/shop.nochilinga-alpakas.at\/wp-json\/wp\/v2\/product_brand?post=240"},{"taxonomy":"product_cat","embeddable":true,"href":"https:\/\/www.nochilinga-alpakas.at\/shop.nochilinga-alpakas.at\/wp-json\/wp\/v2\/product_cat?post=240"},{"taxonomy":"product_tag","embeddable":true,"href":"https:\/\/www.nochilinga-alpakas.at\/shop.nochilinga-alpakas.at\/wp-json\/wp\/v2\/product_tag?post=240"}],"curies":[{"name":"wp","href":"https:\/\/api.w.org\/{rel}","templated":true}]}}