{"id":253,"date":"2023-01-24T15:55:23","date_gmt":"2023-01-24T14:55:23","guid":{"rendered":"https:\/\/www.nochilinga-alpakas.at\/shop.nochilinga-alpakas.at\/?post_type=product&#038;p=253"},"modified":"2026-03-28T15:07:29","modified_gmt":"2026-03-28T14:07:29","slug":"alpaka-sockengarn-50g-div-farben","status":"publish","type":"product","link":"https:\/\/www.nochilinga-alpakas.at\/shop.nochilinga-alpakas.at\/produkt\/alpaka-sockengarn-50g-div-farben\/","title":{"rendered":"Alpaka Sockengarn 50g, div. Farben, Wollmix"},"content":{"rendered":"<p>Diese vierfach gezwirnte Alpaka-Socken-Wolle zeichnet sich durch beliebte Farb-Kombinationen und eine robuste und gleichzeitig komfortable Faser-Kombination aus.<br \/>\nSie ist hervorragend geeignet zum Stricken und H\u00e4keln von Socken, Str\u00fcmpfen oder Hausschuhen oder auch von Accessoires wie Bein-Stulpen, welche besonders widerstandsf\u00e4hig und doch angenehm, warm und atmungsaktiv sein sollen. Superwash ist eine chemische Behandlung zur Entfernung der Faserschuppen und die anschlie\u00dfende Beschichtung mit einem Polymer, wodurch die Wolle am Filzen und Eingehen gehindert wird.<\/p>\n<p>&#8211; Material: 60% Wolle (Superwash) Schaf, 20% Alpaka 20% Nylon<br \/>\n&#8211; 4-fach gezwirnt<br \/>\n&#8211; Laufl\u00e4nge ca. 200m = Nm 4\/16<br \/>\n&#8211; empfohlene Nadelst\u00e4rke 2,5mm<br \/>\n&#8211; Strickprobe: 10cm*10cm = 42 Reihen, 30 Maschen<br \/>\n&#8211; durchschnittlicher Verbrauch Socken ca. 100g<\/p>\n<p>Garantiert ungef\u00e4rbte, naturbelassene Naturt\u00f6ne, bestens f\u00fcr Baby- und Kleinkindersocken geeignet:<br \/>\n&#8211; Braun-Grau-Melange<br \/>\n&#8211; Grau-Melange<\/p>\n","protected":false},"excerpt":{"rendered":"<p>Diese vierfach gezwirnte Alpaka-Socken-Wolle zeichnet sich durch beliebte Farb-Kombinationen und eine robuste und gleichzeitig komfortable Faser-Kombination aus. Sie ist hervorragend geeignet zum Stricken und H\u00e4keln von Socken, Str\u00fcmpfen oder Hausschuhen oder auch von Accessoires wie Bein-Stulpen, welche besonders widerstandsf\u00e4hig und doch angenehm, warm und atmungsaktiv sein sollen. Superwash ist eine chemische Behandlung zur Entfernung der [&hellip;]<\/p>\n","protected":false},"featured_media":260,"template":"","meta":[],"product_brand":[],"product_cat":[50],"product_tag":[],"class_list":{"0":"post-253","1":"product","2":"type-product","3":"status-publish","4":"has-post-thumbnail","6":"product_cat-wolle","8":"first","9":"instock","10":"shipping-taxable","11":"purchasable","12":"product-type-variable"},"supplier_id":null,"supplier_sku":"","barcode":null,"atum_controlled":true,"out_stock_date":null,"out_stock_threshold":null,"inheritable":true,"inbound_stock":0,"stock_on_hold":0,"sold_today":0,"sales_last_days":0,"reserved_stock":0,"customer_returns":0,"warehouse_damage":0,"lost_in_post":0,"other_logs":0,"out_stock_days":0,"lost_sales":0,"has_location":false,"update_date":"2026-04-27T08:13:00","atum_locations":[],"atum_stock_status":"instock","restock_status":false,"low_stock_amount":"","sales_update_date":"2026-04-27T08:13:00","calc_backorders":null,"jetpack_sharing_enabled":true,"_links":{"self":[{"href":"https:\/\/www.nochilinga-alpakas.at\/shop.nochilinga-alpakas.at\/wp-json\/wp\/v2\/product\/253","targetHints":{"allow":["GET"]}}],"collection":[{"href":"https:\/\/www.nochilinga-alpakas.at\/shop.nochilinga-alpakas.at\/wp-json\/wp\/v2\/product"}],"about":[{"href":"https:\/\/www.nochilinga-alpakas.at\/shop.nochilinga-alpakas.at\/wp-json\/wp\/v2\/types\/product"}],"wp:featuredmedia":[{"embeddable":true,"href":"https:\/\/www.nochilinga-alpakas.at\/shop.nochilinga-alpakas.at\/wp-json\/wp\/v2\/media\/260"}],"wp:attachment":[{"href":"https:\/\/www.nochilinga-alpakas.at\/shop.nochilinga-alpakas.at\/wp-json\/wp\/v2\/media?parent=253"}],"wp:term":[{"taxonomy":"product_brand","embeddable":true,"href":"https:\/\/www.nochilinga-alpakas.at\/shop.nochilinga-alpakas.at\/wp-json\/wp\/v2\/product_brand?post=253"},{"taxonomy":"product_cat","embeddable":true,"href":"https:\/\/www.nochilinga-alpakas.at\/shop.nochilinga-alpakas.at\/wp-json\/wp\/v2\/product_cat?post=253"},{"taxonomy":"product_tag","embeddable":true,"href":"https:\/\/www.nochilinga-alpakas.at\/shop.nochilinga-alpakas.at\/wp-json\/wp\/v2\/product_tag?post=253"}],"curies":[{"name":"wp","href":"https:\/\/api.w.org\/{rel}","templated":true}]}}