{"id":31,"date":"2023-01-18T13:44:37","date_gmt":"2023-01-18T12:44:37","guid":{"rendered":""},"modified":"2026-01-22T15:36:58","modified_gmt":"2026-01-22T14:36:58","slug":"wohlfuehlsocken","status":"publish","type":"product","link":"https:\/\/www.nochilinga-alpakas.at\/shop.nochilinga-alpakas.at\/produkt\/wohlfuehlsocken\/","title":{"rendered":"Wohlf\u00fchlsocken"},"content":{"rendered":"<p>Diese Haus-Socken mit ihrer unvergleichlich weichen Alpaka-Mischung sorgen f\u00fcr wunderbar warme F\u00fc\u00dfe.<\/p>\n<p>&#8211; Material: 52% Alpaka 35% Wolle 11% Nylon 2% Elasthan<br \/>\n&#8211; pflegeleichte Mischfaser<br \/>\n&#8211; perfekte Passform<br \/>\n&#8211; fein gestrickt und doch robust und widerstandsf\u00e4hig<br \/>\n&#8211; wohlig warme F\u00fc\u00dfe<\/p>\n","protected":false},"excerpt":{"rendered":"<p>Diese Haus-Socken mit ihrer unvergleichlich weichen Alpaka-Mischung sorgen f\u00fcr wunderbar warme F\u00fc\u00dfe. &#8211; Material: 52% Alpaka 35% Wolle 11% Nylon 2% Elasthan &#8211; pflegeleichte Mischfaser &#8211; perfekte Passform &#8211; fein gestrickt und doch robust und widerstandsf\u00e4hig &#8211; wohlig warme F\u00fc\u00dfe<\/p>\n","protected":false},"featured_media":180,"template":"","meta":[],"product_brand":[],"product_cat":[16],"product_tag":[],"class_list":{"0":"post-31","1":"product","2":"type-product","3":"status-publish","4":"has-post-thumbnail","6":"product_cat-socken","7":"pa_farbe-grau","8":"pa_farbe-schwarz","9":"pa_farbe-wollweiss","10":"pa_masseinheit-36-38","11":"pa_masseinheit-39-41","12":"pa_masseinheit-42-44","13":"pa_masseinheit-45-48","15":"first","16":"instock","17":"shipping-taxable","18":"purchasable","19":"product-type-variable"},"supplier_id":null,"supplier_sku":"","barcode":null,"atum_controlled":true,"out_stock_date":null,"out_stock_threshold":null,"inheritable":true,"inbound_stock":0,"stock_on_hold":0,"sold_today":0,"sales_last_days":0,"reserved_stock":0,"customer_returns":0,"warehouse_damage":0,"lost_in_post":0,"other_logs":0,"out_stock_days":0,"lost_sales":0,"has_location":false,"update_date":"2026-04-05T02:21:56","atum_locations":[],"atum_stock_status":"instock","restock_status":false,"low_stock_amount":"","sales_update_date":"2026-04-05T02:21:56","calc_backorders":null,"jetpack_sharing_enabled":true,"_links":{"self":[{"href":"https:\/\/www.nochilinga-alpakas.at\/shop.nochilinga-alpakas.at\/wp-json\/wp\/v2\/product\/31","targetHints":{"allow":["GET"]}}],"collection":[{"href":"https:\/\/www.nochilinga-alpakas.at\/shop.nochilinga-alpakas.at\/wp-json\/wp\/v2\/product"}],"about":[{"href":"https:\/\/www.nochilinga-alpakas.at\/shop.nochilinga-alpakas.at\/wp-json\/wp\/v2\/types\/product"}],"wp:featuredmedia":[{"embeddable":true,"href":"https:\/\/www.nochilinga-alpakas.at\/shop.nochilinga-alpakas.at\/wp-json\/wp\/v2\/media\/180"}],"wp:attachment":[{"href":"https:\/\/www.nochilinga-alpakas.at\/shop.nochilinga-alpakas.at\/wp-json\/wp\/v2\/media?parent=31"}],"wp:term":[{"taxonomy":"product_brand","embeddable":true,"href":"https:\/\/www.nochilinga-alpakas.at\/shop.nochilinga-alpakas.at\/wp-json\/wp\/v2\/product_brand?post=31"},{"taxonomy":"product_cat","embeddable":true,"href":"https:\/\/www.nochilinga-alpakas.at\/shop.nochilinga-alpakas.at\/wp-json\/wp\/v2\/product_cat?post=31"},{"taxonomy":"product_tag","embeddable":true,"href":"https:\/\/www.nochilinga-alpakas.at\/shop.nochilinga-alpakas.at\/wp-json\/wp\/v2\/product_tag?post=31"}],"curies":[{"name":"wp","href":"https:\/\/api.w.org\/{rel}","templated":true}]}}