{"id":346,"date":"2023-01-25T10:29:29","date_gmt":"2023-01-25T09:29:29","guid":{"rendered":"https:\/\/www.nochilinga-alpakas.at\/shop.nochilinga-alpakas.at\/?post_type=product&#038;p=346"},"modified":"2025-03-11T14:44:05","modified_gmt":"2025-03-11T13:44:05","slug":"kinderstirnband-camilla-diverse-farben","status":"publish","type":"product","link":"https:\/\/www.nochilinga-alpakas.at\/shop.nochilinga-alpakas.at\/produkt\/kinderstirnband-camilla-diverse-farben\/","title":{"rendered":"Kinderstirnband Camilla, diverse Farben"},"content":{"rendered":"<p>Das in Falten gestrickte Stirnband Camilla aus bester Alpakawolle hat eine sch\u00f6ne Struktur.<br \/>\nDamit empfindliche Kinderohren gut vor K\u00e4lte gesch\u00fctzt sind.<\/p>\n<p>Material: 10% Baby Alpaka<\/p>\n","protected":false},"excerpt":{"rendered":"<p>Das in Falten gestrickte Stirnband Camilla aus bester Alpakawolle hat eine sch\u00f6ne Struktur. Damit empfindliche Kinderohren gut vor K\u00e4lte gesch\u00fctzt sind. Material: 10% Baby Alpaka<\/p>\n","protected":false},"featured_media":642,"template":"","meta":[],"product_brand":[],"product_cat":[49],"product_tag":[],"class_list":{"0":"post-346","1":"product","2":"type-product","3":"status-publish","4":"has-post-thumbnail","6":"product_cat-stirnbaender","7":"pa_farbe-blau-meliert","8":"pa_farbe-blaugrau","9":"pa_farbe-creme","10":"pa_farbe-koralle","11":"pa_farbe-olivgruen","12":"pa_farbe-rose","13":"pa_farbe-rot","15":"first","16":"instock","17":"shipping-taxable","18":"purchasable","19":"product-type-variable"},"supplier_id":null,"supplier_sku":"","barcode":null,"atum_controlled":true,"out_stock_date":null,"out_stock_threshold":null,"inheritable":true,"inbound_stock":0,"stock_on_hold":0,"sold_today":0,"sales_last_days":0,"reserved_stock":0,"customer_returns":0,"warehouse_damage":0,"lost_in_post":0,"other_logs":0,"out_stock_days":0,"lost_sales":0,"has_location":false,"update_date":"2026-04-05T02:22:05","atum_locations":[],"atum_stock_status":"instock","restock_status":false,"low_stock_amount":"","sales_update_date":"2026-04-05T02:22:05","calc_backorders":null,"jetpack_sharing_enabled":true,"_links":{"self":[{"href":"https:\/\/www.nochilinga-alpakas.at\/shop.nochilinga-alpakas.at\/wp-json\/wp\/v2\/product\/346","targetHints":{"allow":["GET"]}}],"collection":[{"href":"https:\/\/www.nochilinga-alpakas.at\/shop.nochilinga-alpakas.at\/wp-json\/wp\/v2\/product"}],"about":[{"href":"https:\/\/www.nochilinga-alpakas.at\/shop.nochilinga-alpakas.at\/wp-json\/wp\/v2\/types\/product"}],"wp:featuredmedia":[{"embeddable":true,"href":"https:\/\/www.nochilinga-alpakas.at\/shop.nochilinga-alpakas.at\/wp-json\/wp\/v2\/media\/642"}],"wp:attachment":[{"href":"https:\/\/www.nochilinga-alpakas.at\/shop.nochilinga-alpakas.at\/wp-json\/wp\/v2\/media?parent=346"}],"wp:term":[{"taxonomy":"product_brand","embeddable":true,"href":"https:\/\/www.nochilinga-alpakas.at\/shop.nochilinga-alpakas.at\/wp-json\/wp\/v2\/product_brand?post=346"},{"taxonomy":"product_cat","embeddable":true,"href":"https:\/\/www.nochilinga-alpakas.at\/shop.nochilinga-alpakas.at\/wp-json\/wp\/v2\/product_cat?post=346"},{"taxonomy":"product_tag","embeddable":true,"href":"https:\/\/www.nochilinga-alpakas.at\/shop.nochilinga-alpakas.at\/wp-json\/wp\/v2\/product_tag?post=346"}],"curies":[{"name":"wp","href":"https:\/\/api.w.org\/{rel}","templated":true}]}}