{"id":354,"date":"2023-01-25T10:49:29","date_gmt":"2023-01-25T09:49:29","guid":{"rendered":"https:\/\/www.nochilinga-alpakas.at\/shop.nochilinga-alpakas.at\/?post_type=product&#038;p=354"},"modified":"2025-11-30T12:52:14","modified_gmt":"2025-11-30T11:52:14","slug":"stirnband-malin-diverse-farben","status":"publish","type":"product","link":"https:\/\/www.nochilinga-alpakas.at\/shop.nochilinga-alpakas.at\/produkt\/stirnband-malin-diverse-farben\/","title":{"rendered":"Stirnband Malin, diverse Farben"},"content":{"rendered":"<p style=\"font-weight: 500;\">Doppellagig gestrickt sch\u00fctzt MALIN Ohren und Stirn vor K\u00e4lte und unangenehmen Windb\u00f6en. Das Stirnband hat ein plastisches Rippenmuster und ist aus sehr weicher Baby Alpakawolle gestrickt; dadurch bietet MALIN besten Tragekomfort.<\/p>\n<p>&#8211; Material: 100% Baby Alpaka<br \/>\n&#8211; Einheitsgr\u00f6\u00dfe<\/p>\n","protected":false},"excerpt":{"rendered":"<p>Doppellagig gestrickt sch\u00fctzt MALIN Ohren und Stirn vor K\u00e4lte und unangenehmen Windb\u00f6en. Das Stirnband hat ein plastisches Rippenmuster und ist aus sehr weicher Baby Alpakawolle gestrickt; dadurch bietet MALIN besten Tragekomfort. &#8211; Material: 100% Baby Alpaka &#8211; Einheitsgr\u00f6\u00dfe<\/p>\n","protected":false},"featured_media":641,"template":"","meta":[],"product_brand":[],"product_cat":[49],"product_tag":[],"class_list":{"0":"post-354","1":"product","2":"type-product","3":"status-publish","4":"has-post-thumbnail","6":"product_cat-stirnbaender","7":"pa_farbe-dunkelrot-meliert","8":"pa_farbe-grau","9":"pa_farbe-grau-altrosa-meliert","10":"pa_farbe-jade","11":"pa_farbe-mocca","12":"pa_farbe-sand","13":"pa_farbe-schwarz","14":"pa_farbe-smaragdgruen","15":"pa_farbe-tannengruen","17":"first","18":"instock","19":"shipping-taxable","20":"purchasable","21":"product-type-variable"},"supplier_id":null,"supplier_sku":"","barcode":null,"atum_controlled":true,"out_stock_date":null,"out_stock_threshold":null,"inheritable":true,"inbound_stock":0,"stock_on_hold":0,"sold_today":0,"sales_last_days":0,"reserved_stock":0,"customer_returns":0,"warehouse_damage":0,"lost_in_post":0,"other_logs":0,"out_stock_days":0,"lost_sales":0,"has_location":false,"update_date":"2026-04-05T02:22:05","atum_locations":[],"atum_stock_status":"instock","restock_status":false,"low_stock_amount":"","sales_update_date":"2026-04-05T02:22:05","calc_backorders":null,"jetpack_sharing_enabled":true,"_links":{"self":[{"href":"https:\/\/www.nochilinga-alpakas.at\/shop.nochilinga-alpakas.at\/wp-json\/wp\/v2\/product\/354","targetHints":{"allow":["GET"]}}],"collection":[{"href":"https:\/\/www.nochilinga-alpakas.at\/shop.nochilinga-alpakas.at\/wp-json\/wp\/v2\/product"}],"about":[{"href":"https:\/\/www.nochilinga-alpakas.at\/shop.nochilinga-alpakas.at\/wp-json\/wp\/v2\/types\/product"}],"wp:featuredmedia":[{"embeddable":true,"href":"https:\/\/www.nochilinga-alpakas.at\/shop.nochilinga-alpakas.at\/wp-json\/wp\/v2\/media\/641"}],"wp:attachment":[{"href":"https:\/\/www.nochilinga-alpakas.at\/shop.nochilinga-alpakas.at\/wp-json\/wp\/v2\/media?parent=354"}],"wp:term":[{"taxonomy":"product_brand","embeddable":true,"href":"https:\/\/www.nochilinga-alpakas.at\/shop.nochilinga-alpakas.at\/wp-json\/wp\/v2\/product_brand?post=354"},{"taxonomy":"product_cat","embeddable":true,"href":"https:\/\/www.nochilinga-alpakas.at\/shop.nochilinga-alpakas.at\/wp-json\/wp\/v2\/product_cat?post=354"},{"taxonomy":"product_tag","embeddable":true,"href":"https:\/\/www.nochilinga-alpakas.at\/shop.nochilinga-alpakas.at\/wp-json\/wp\/v2\/product_tag?post=354"}],"curies":[{"name":"wp","href":"https:\/\/api.w.org\/{rel}","templated":true}]}}