{"id":365,"date":"2023-01-25T11:05:00","date_gmt":"2023-01-25T10:05:00","guid":{"rendered":"https:\/\/www.nochilinga-alpakas.at\/shop.nochilinga-alpakas.at\/?post_type=product&#038;p=365"},"modified":"2025-10-06T10:06:15","modified_gmt":"2025-10-06T08:06:15","slug":"muetze-kyara","status":"publish","type":"product","link":"https:\/\/www.nochilinga-alpakas.at\/shop.nochilinga-alpakas.at\/produkt\/muetze-kyara\/","title":{"rendered":"M\u00fctze Kyara"},"content":{"rendered":"<p>&#8211; wendbar, 2 M\u00fctzendesigns in einem<br \/>\n&#8211; unisex<br \/>\n&#8211; blau einfarbig und Jaquardstrick in warmen rot- und blaut\u00f6nen<br \/>\n&#8211; angenehm leicht<br \/>\n&#8211; fein gestrickt<br \/>\n&#8211; Gr\u00f6\u00dfe M und L<\/p>\n<p>Material: 100% Baby Alpaka<\/p>\n","protected":false},"excerpt":{"rendered":"<p>&#8211; wendbar, 2 M\u00fctzendesigns in einem &#8211; unisex &#8211; blau einfarbig und Jaquardstrick in warmen rot- und blaut\u00f6nen &#8211; angenehm leicht &#8211; fein gestrickt &#8211; Gr\u00f6\u00dfe M und L Material: 100% Baby Alpaka<\/p>\n","protected":false},"featured_media":366,"template":"","meta":[],"product_brand":[],"product_cat":[17],"product_tag":[],"class_list":{"0":"post-365","1":"product","2":"type-product","3":"status-publish","4":"has-post-thumbnail","6":"product_cat-muetzen","8":"first","9":"instock","10":"shipping-taxable","11":"purchasable","12":"product-type-variable"},"supplier_id":null,"supplier_sku":"","barcode":null,"atum_controlled":true,"out_stock_date":null,"out_stock_threshold":null,"inheritable":true,"inbound_stock":0,"stock_on_hold":0,"sold_today":0,"sales_last_days":0,"reserved_stock":0,"customer_returns":0,"warehouse_damage":0,"lost_in_post":0,"other_logs":0,"out_stock_days":0,"lost_sales":0,"has_location":false,"update_date":"2026-04-07T02:42:01","atum_locations":[],"atum_stock_status":"instock","restock_status":false,"low_stock_amount":"","sales_update_date":"2026-04-07T02:42:01","calc_backorders":null,"jetpack_sharing_enabled":true,"_links":{"self":[{"href":"https:\/\/www.nochilinga-alpakas.at\/shop.nochilinga-alpakas.at\/wp-json\/wp\/v2\/product\/365","targetHints":{"allow":["GET"]}}],"collection":[{"href":"https:\/\/www.nochilinga-alpakas.at\/shop.nochilinga-alpakas.at\/wp-json\/wp\/v2\/product"}],"about":[{"href":"https:\/\/www.nochilinga-alpakas.at\/shop.nochilinga-alpakas.at\/wp-json\/wp\/v2\/types\/product"}],"wp:featuredmedia":[{"embeddable":true,"href":"https:\/\/www.nochilinga-alpakas.at\/shop.nochilinga-alpakas.at\/wp-json\/wp\/v2\/media\/366"}],"wp:attachment":[{"href":"https:\/\/www.nochilinga-alpakas.at\/shop.nochilinga-alpakas.at\/wp-json\/wp\/v2\/media?parent=365"}],"wp:term":[{"taxonomy":"product_brand","embeddable":true,"href":"https:\/\/www.nochilinga-alpakas.at\/shop.nochilinga-alpakas.at\/wp-json\/wp\/v2\/product_brand?post=365"},{"taxonomy":"product_cat","embeddable":true,"href":"https:\/\/www.nochilinga-alpakas.at\/shop.nochilinga-alpakas.at\/wp-json\/wp\/v2\/product_cat?post=365"},{"taxonomy":"product_tag","embeddable":true,"href":"https:\/\/www.nochilinga-alpakas.at\/shop.nochilinga-alpakas.at\/wp-json\/wp\/v2\/product_tag?post=365"}],"curies":[{"name":"wp","href":"https:\/\/api.w.org\/{rel}","templated":true}]}}