{"id":371,"date":"2023-01-25T11:15:29","date_gmt":"2023-01-25T10:15:29","guid":{"rendered":"https:\/\/www.nochilinga-alpakas.at\/shop.nochilinga-alpakas.at\/?post_type=product&#038;p=371"},"modified":"2025-12-19T14:40:21","modified_gmt":"2025-12-19T13:40:21","slug":"muetze-biesen-diverse-farben","status":"publish","type":"product","link":"https:\/\/www.nochilinga-alpakas.at\/shop.nochilinga-alpakas.at\/produkt\/muetze-biesen-diverse-farben\/","title":{"rendered":"M\u00fctze Biesen, diverse Farben"},"content":{"rendered":"<p>tolle Oversize M\u00fctze<\/p>\n<p>&#8211; Material: 100% Alpaka (Baby Alpaka)<br \/>\n&#8211; warm und widerstandsf\u00e4hig gegen St\u00fcrme<br \/>\n&#8211; besonders raffiniert, wenn der &#8220;Teller&#8221; sich effektvoll zur Seite neigt und das Haar umspielt<\/p>\n","protected":false},"excerpt":{"rendered":"<p>tolle Oversize M\u00fctze &#8211; Material: 100% Alpaka (Baby Alpaka) &#8211; warm und widerstandsf\u00e4hig gegen St\u00fcrme &#8211; besonders raffiniert, wenn der &#8220;Teller&#8221; sich effektvoll zur Seite neigt und das Haar umspielt<\/p>\n","protected":false},"featured_media":961,"template":"","meta":[],"product_brand":[],"product_cat":[17],"product_tag":[],"class_list":{"0":"post-371","1":"product","2":"type-product","3":"status-publish","4":"has-post-thumbnail","6":"product_cat-muetzen","7":"pa_farbe-anthrazit","8":"pa_farbe-blau-meliert","9":"pa_farbe-petrol","10":"pa_farbe-purpur","11":"pa_farbe-sand","12":"pa_farbe-schwarz","13":"pa_farbe-wollweiss","15":"first","16":"instock","17":"shipping-taxable","18":"purchasable","19":"product-type-variable"},"supplier_id":null,"supplier_sku":"","barcode":null,"atum_controlled":true,"out_stock_date":null,"out_stock_threshold":null,"inheritable":true,"inbound_stock":0,"stock_on_hold":0,"sold_today":0,"sales_last_days":0,"reserved_stock":0,"customer_returns":0,"warehouse_damage":0,"lost_in_post":0,"other_logs":0,"out_stock_days":0,"lost_sales":0,"has_location":false,"update_date":"2026-04-05T02:22:06","atum_locations":[],"atum_stock_status":"instock","restock_status":false,"low_stock_amount":"","sales_update_date":"2026-04-05T02:22:06","calc_backorders":null,"jetpack_sharing_enabled":true,"_links":{"self":[{"href":"https:\/\/www.nochilinga-alpakas.at\/shop.nochilinga-alpakas.at\/wp-json\/wp\/v2\/product\/371","targetHints":{"allow":["GET"]}}],"collection":[{"href":"https:\/\/www.nochilinga-alpakas.at\/shop.nochilinga-alpakas.at\/wp-json\/wp\/v2\/product"}],"about":[{"href":"https:\/\/www.nochilinga-alpakas.at\/shop.nochilinga-alpakas.at\/wp-json\/wp\/v2\/types\/product"}],"wp:featuredmedia":[{"embeddable":true,"href":"https:\/\/www.nochilinga-alpakas.at\/shop.nochilinga-alpakas.at\/wp-json\/wp\/v2\/media\/961"}],"wp:attachment":[{"href":"https:\/\/www.nochilinga-alpakas.at\/shop.nochilinga-alpakas.at\/wp-json\/wp\/v2\/media?parent=371"}],"wp:term":[{"taxonomy":"product_brand","embeddable":true,"href":"https:\/\/www.nochilinga-alpakas.at\/shop.nochilinga-alpakas.at\/wp-json\/wp\/v2\/product_brand?post=371"},{"taxonomy":"product_cat","embeddable":true,"href":"https:\/\/www.nochilinga-alpakas.at\/shop.nochilinga-alpakas.at\/wp-json\/wp\/v2\/product_cat?post=371"},{"taxonomy":"product_tag","embeddable":true,"href":"https:\/\/www.nochilinga-alpakas.at\/shop.nochilinga-alpakas.at\/wp-json\/wp\/v2\/product_tag?post=371"}],"curies":[{"name":"wp","href":"https:\/\/api.w.org\/{rel}","templated":true}]}}