{"id":377,"date":"2023-01-25T11:19:30","date_gmt":"2023-01-25T10:19:30","guid":{"rendered":"https:\/\/www.nochilinga-alpakas.at\/shop.nochilinga-alpakas.at\/?post_type=product&#038;p=377"},"modified":"2026-01-22T11:31:56","modified_gmt":"2026-01-22T10:31:56","slug":"muetze-sport","status":"publish","type":"product","link":"https:\/\/www.nochilinga-alpakas.at\/shop.nochilinga-alpakas.at\/produkt\/muetze-sport\/","title":{"rendered":"M\u00fctze Sport"},"content":{"rendered":"<p>Diese sportliche M\u00fctze ist ein perfekter Begleiter f\u00fcr Ihre t\u00e4gliche Joggingrunde am Morgen. Durch die sorgf\u00e4ltig ausgew\u00e4hlte Materialzusammensetzung bietet diese M\u00fctze alles was Sie beim Sporteln an k\u00fchleren Tagen brauchen: Thermoregulierung, winddichtes Innenfutter, leichtes Gewicht f\u00fcr optimales Tragegef\u00fchl.<\/p>\n<p>&#8211; Material: 50% Alpaka (Baby Alpaka) 45% Wolle 5% Nylon<br \/>\n&#8211; Futter: 100% Baumwolle<br \/>\n&#8211; f\u00fcr Damen und Herren<br \/>\n&#8211; angenehm zum tragen<br \/>\n&#8211; w\u00e4rmt hervorragend<\/p>\n","protected":false},"excerpt":{"rendered":"<p>Diese sportliche M\u00fctze ist ein perfekter Begleiter f\u00fcr Ihre t\u00e4gliche Joggingrunde am Morgen. Durch die sorgf\u00e4ltig ausgew\u00e4hlte Materialzusammensetzung bietet diese M\u00fctze alles was Sie beim Sporteln an k\u00fchleren Tagen brauchen: Thermoregulierung, winddichtes Innenfutter, leichtes Gewicht f\u00fcr optimales Tragegef\u00fchl. &#8211; Material: 50% Alpaka (Baby Alpaka) 45% Wolle 5% Nylon &#8211; Futter: 100% Baumwolle &#8211; f\u00fcr Damen [&hellip;]<\/p>\n","protected":false},"featured_media":587,"template":"","meta":[],"product_brand":[],"product_cat":[17],"product_tag":[],"class_list":{"0":"post-377","1":"product","2":"type-product","3":"status-publish","4":"has-post-thumbnail","6":"product_cat-muetzen","7":"pa_farbe-anthrazit","8":"pa_farbe-blau","9":"pa_farbe-fuchsie","11":"first","12":"instock","13":"sale","14":"shipping-taxable","15":"purchasable","16":"product-type-variable","17":"has-default-attributes"},"supplier_id":null,"supplier_sku":"","barcode":null,"atum_controlled":true,"out_stock_date":null,"out_stock_threshold":null,"inheritable":true,"inbound_stock":0,"stock_on_hold":0,"sold_today":0,"sales_last_days":0,"reserved_stock":0,"customer_returns":0,"warehouse_damage":0,"lost_in_post":0,"other_logs":0,"out_stock_days":0,"lost_sales":0,"has_location":false,"update_date":"2026-04-05T02:22:06","atum_locations":[],"atum_stock_status":"instock","restock_status":false,"low_stock_amount":"","sales_update_date":"2026-04-05T02:22:06","calc_backorders":null,"jetpack_sharing_enabled":true,"_links":{"self":[{"href":"https:\/\/www.nochilinga-alpakas.at\/shop.nochilinga-alpakas.at\/wp-json\/wp\/v2\/product\/377","targetHints":{"allow":["GET"]}}],"collection":[{"href":"https:\/\/www.nochilinga-alpakas.at\/shop.nochilinga-alpakas.at\/wp-json\/wp\/v2\/product"}],"about":[{"href":"https:\/\/www.nochilinga-alpakas.at\/shop.nochilinga-alpakas.at\/wp-json\/wp\/v2\/types\/product"}],"wp:featuredmedia":[{"embeddable":true,"href":"https:\/\/www.nochilinga-alpakas.at\/shop.nochilinga-alpakas.at\/wp-json\/wp\/v2\/media\/587"}],"wp:attachment":[{"href":"https:\/\/www.nochilinga-alpakas.at\/shop.nochilinga-alpakas.at\/wp-json\/wp\/v2\/media?parent=377"}],"wp:term":[{"taxonomy":"product_brand","embeddable":true,"href":"https:\/\/www.nochilinga-alpakas.at\/shop.nochilinga-alpakas.at\/wp-json\/wp\/v2\/product_brand?post=377"},{"taxonomy":"product_cat","embeddable":true,"href":"https:\/\/www.nochilinga-alpakas.at\/shop.nochilinga-alpakas.at\/wp-json\/wp\/v2\/product_cat?post=377"},{"taxonomy":"product_tag","embeddable":true,"href":"https:\/\/www.nochilinga-alpakas.at\/shop.nochilinga-alpakas.at\/wp-json\/wp\/v2\/product_tag?post=377"}],"curies":[{"name":"wp","href":"https:\/\/api.w.org\/{rel}","templated":true}]}}