{"id":385,"date":"2023-01-25T11:25:10","date_gmt":"2023-01-25T10:25:10","guid":{"rendered":"https:\/\/www.nochilinga-alpakas.at\/shop.nochilinga-alpakas.at\/?post_type=product&#038;p=385"},"modified":"2025-12-11T17:58:00","modified_gmt":"2025-12-11T16:58:00","slug":"muetze-suave","status":"publish","type":"product","link":"https:\/\/www.nochilinga-alpakas.at\/shop.nochilinga-alpakas.at\/produkt\/muetze-suave\/","title":{"rendered":"M\u00fctze Suave"},"content":{"rendered":"<p>Kuschelweiche, leichte M\u00fctze aus reinem Baby Alpaka.<br \/>\nDoppelt gestrickt: auf der einen Seite Zopfmuster, Rippstrick auf der anderen Seite.<\/p>\n<p>&#8211; Wendem\u00fctze, zeitlos elegant<br \/>\n&#8211; Praktische &#8220;One Size&#8221; Gr\u00f6\u00dfe<br \/>\n&#8211; Unisex: f\u00fcr Sie und Ihn<br \/>\n&#8211; unglaublich kuschlig &amp; weich<br \/>\n&#8211; je nach Seite Zopfmuster oder Rippstrick<\/p>\n<p>Material: 100% Alpaka (Baby Alpaka)<\/p>\n","protected":false},"excerpt":{"rendered":"<p>Kuschelweiche, leichte M\u00fctze aus reinem Baby Alpaka. Doppelt gestrickt: auf der einen Seite Zopfmuster, Rippstrick auf der anderen Seite. &#8211; Wendem\u00fctze, zeitlos elegant &#8211; Praktische &#8220;One Size&#8221; Gr\u00f6\u00dfe &#8211; Unisex: f\u00fcr Sie und Ihn &#8211; unglaublich kuschlig &amp; weich &#8211; je nach Seite Zopfmuster oder Rippstrick Material: 100% Alpaka (Baby Alpaka)<\/p>\n","protected":false},"featured_media":639,"template":"","meta":[],"product_brand":[],"product_cat":[17],"product_tag":[],"class_list":{"0":"post-385","1":"product","2":"type-product","3":"status-publish","4":"has-post-thumbnail","6":"product_cat-muetzen","7":"pa_farbe-blau","8":"pa_farbe-gelb-grau","9":"pa_farbe-purpur","10":"pa_farbe-rosa","11":"pa_farbe-sand-ecru","12":"pa_farbe-schwarz","13":"pa_farbe-schwarz-grau","14":"pa_farbe-tannengruen-schwarz","16":"first","17":"instock","18":"shipping-taxable","19":"purchasable","20":"product-type-variable"},"supplier_id":null,"supplier_sku":"","barcode":null,"atum_controlled":true,"out_stock_date":null,"out_stock_threshold":null,"inheritable":true,"inbound_stock":0,"stock_on_hold":0,"sold_today":0,"sales_last_days":0,"reserved_stock":0,"customer_returns":0,"warehouse_damage":0,"lost_in_post":0,"other_logs":0,"out_stock_days":0,"lost_sales":0,"has_location":false,"update_date":"2026-04-05T02:22:06","atum_locations":[],"atum_stock_status":"instock","restock_status":false,"low_stock_amount":"","sales_update_date":"2026-04-05T02:22:06","calc_backorders":null,"jetpack_sharing_enabled":true,"_links":{"self":[{"href":"https:\/\/www.nochilinga-alpakas.at\/shop.nochilinga-alpakas.at\/wp-json\/wp\/v2\/product\/385","targetHints":{"allow":["GET"]}}],"collection":[{"href":"https:\/\/www.nochilinga-alpakas.at\/shop.nochilinga-alpakas.at\/wp-json\/wp\/v2\/product"}],"about":[{"href":"https:\/\/www.nochilinga-alpakas.at\/shop.nochilinga-alpakas.at\/wp-json\/wp\/v2\/types\/product"}],"wp:featuredmedia":[{"embeddable":true,"href":"https:\/\/www.nochilinga-alpakas.at\/shop.nochilinga-alpakas.at\/wp-json\/wp\/v2\/media\/639"}],"wp:attachment":[{"href":"https:\/\/www.nochilinga-alpakas.at\/shop.nochilinga-alpakas.at\/wp-json\/wp\/v2\/media?parent=385"}],"wp:term":[{"taxonomy":"product_brand","embeddable":true,"href":"https:\/\/www.nochilinga-alpakas.at\/shop.nochilinga-alpakas.at\/wp-json\/wp\/v2\/product_brand?post=385"},{"taxonomy":"product_cat","embeddable":true,"href":"https:\/\/www.nochilinga-alpakas.at\/shop.nochilinga-alpakas.at\/wp-json\/wp\/v2\/product_cat?post=385"},{"taxonomy":"product_tag","embeddable":true,"href":"https:\/\/www.nochilinga-alpakas.at\/shop.nochilinga-alpakas.at\/wp-json\/wp\/v2\/product_tag?post=385"}],"curies":[{"name":"wp","href":"https:\/\/api.w.org\/{rel}","templated":true}]}}