{"id":395,"date":"2023-01-25T11:42:01","date_gmt":"2023-01-25T10:42:01","guid":{"rendered":"https:\/\/www.nochilinga-alpakas.at\/shop.nochilinga-alpakas.at\/?post_type=product&#038;p=395"},"modified":"2025-12-19T14:40:23","modified_gmt":"2025-12-19T13:40:23","slug":"wendemuetze-diverse-farben","status":"publish","type":"product","link":"https:\/\/www.nochilinga-alpakas.at\/shop.nochilinga-alpakas.at\/produkt\/wendemuetze-diverse-farben\/","title":{"rendered":"Wendem\u00fctze, diverse Farben"},"content":{"rendered":"<p>Sch\u00f6n, schlicht und wendbar.<\/p>\n<p>Diese tolle Wendem\u00fctze ist wie der Name schon hergibt wendbar. Das bedeutet Sie haben zwei M\u00fctzen in zwei verschiedenen Farben in einer. Eine Winterm\u00fctze f\u00fcr Sie und Ihn.<\/p>\n<p>&#8211; Material: 100% Alpaka (Baby Alpaka)<br \/>\n&#8211; f\u00fcr Damen und Herren<br \/>\n&#8211; wendbar<br \/>\n&#8211; angenehm zu tragen<br \/>\n&#8211; w\u00e4rmt hervorragend<br \/>\n&#8211; doppelt und glattrechts gestrickt<\/p>\n<p>Kopfumfang Gr\u00f6\u00dfe S: 55-57cm M: 57-59cm L: 59-62cm (ungef\u00e4hre Angaben)<\/p>\n","protected":false},"excerpt":{"rendered":"<p>Sch\u00f6n, schlicht und wendbar. Diese tolle Wendem\u00fctze ist wie der Name schon hergibt wendbar. Das bedeutet Sie haben zwei M\u00fctzen in zwei verschiedenen Farben in einer. Eine Winterm\u00fctze f\u00fcr Sie und Ihn. &#8211; Material: 100% Alpaka (Baby Alpaka) &#8211; f\u00fcr Damen und Herren &#8211; wendbar &#8211; angenehm zu tragen &#8211; w\u00e4rmt hervorragend &#8211; doppelt und [&hellip;]<\/p>\n","protected":false},"featured_media":960,"template":"","meta":[],"product_brand":[],"product_cat":[17],"product_tag":[],"class_list":{"0":"post-395","1":"product","2":"type-product","3":"status-publish","4":"has-post-thumbnail","6":"product_cat-muetzen","7":"pa_farbe-jeansblau-grau","8":"pa_farbe-petrol-tuerkis","9":"pa_farbe-rot-grau","10":"pa_farbe-rot-schwarz-meliert","11":"pa_farbe-schwarz-grau","12":"pa_farbe-tannengruen-schwarz","14":"first","15":"instock","16":"shipping-taxable","17":"purchasable","18":"product-type-variable","19":"has-default-attributes"},"supplier_id":null,"supplier_sku":"","barcode":null,"atum_controlled":true,"out_stock_date":null,"out_stock_threshold":null,"inheritable":true,"inbound_stock":0,"stock_on_hold":0,"sold_today":0,"sales_last_days":0,"reserved_stock":0,"customer_returns":0,"warehouse_damage":0,"lost_in_post":0,"other_logs":0,"out_stock_days":0,"lost_sales":0,"has_location":false,"update_date":"2026-04-05T02:22:06","atum_locations":[],"atum_stock_status":"instock","restock_status":false,"low_stock_amount":"","sales_update_date":"2026-04-05T02:22:06","calc_backorders":null,"jetpack_sharing_enabled":true,"_links":{"self":[{"href":"https:\/\/www.nochilinga-alpakas.at\/shop.nochilinga-alpakas.at\/wp-json\/wp\/v2\/product\/395","targetHints":{"allow":["GET"]}}],"collection":[{"href":"https:\/\/www.nochilinga-alpakas.at\/shop.nochilinga-alpakas.at\/wp-json\/wp\/v2\/product"}],"about":[{"href":"https:\/\/www.nochilinga-alpakas.at\/shop.nochilinga-alpakas.at\/wp-json\/wp\/v2\/types\/product"}],"wp:featuredmedia":[{"embeddable":true,"href":"https:\/\/www.nochilinga-alpakas.at\/shop.nochilinga-alpakas.at\/wp-json\/wp\/v2\/media\/960"}],"wp:attachment":[{"href":"https:\/\/www.nochilinga-alpakas.at\/shop.nochilinga-alpakas.at\/wp-json\/wp\/v2\/media?parent=395"}],"wp:term":[{"taxonomy":"product_brand","embeddable":true,"href":"https:\/\/www.nochilinga-alpakas.at\/shop.nochilinga-alpakas.at\/wp-json\/wp\/v2\/product_brand?post=395"},{"taxonomy":"product_cat","embeddable":true,"href":"https:\/\/www.nochilinga-alpakas.at\/shop.nochilinga-alpakas.at\/wp-json\/wp\/v2\/product_cat?post=395"},{"taxonomy":"product_tag","embeddable":true,"href":"https:\/\/www.nochilinga-alpakas.at\/shop.nochilinga-alpakas.at\/wp-json\/wp\/v2\/product_tag?post=395"}],"curies":[{"name":"wp","href":"https:\/\/api.w.org\/{rel}","templated":true}]}}