{"id":476,"date":"2023-02-01T16:11:03","date_gmt":"2023-02-01T15:11:03","guid":{"rendered":"https:\/\/www.nochilinga-alpakas.at\/shop.nochilinga-alpakas.at\/?post_type=product&#038;p=476"},"modified":"2026-01-17T17:30:58","modified_gmt":"2026-01-17T16:30:58","slug":"shampoo-bar-alpaka-glueck-60g","status":"publish","type":"product","link":"https:\/\/www.nochilinga-alpakas.at\/shop.nochilinga-alpakas.at\/produkt\/shampoo-bar-alpaka-glueck-60g\/","title":{"rendered":"Shampoo bar &#8211; Alpaka Gl\u00fcck 60g"},"content":{"rendered":"<p>Alpaka Gl\u00fcck &#8211; sei happy<br \/>\nfestes Shampoo mit Alpakakeratin<\/p>\n<p>Keratin ist ein nat\u00fcrliches Faserprotein und Hauptbestandteil\u00a0in Haut, Haaren und N\u00e4geln.\u00a0Das Alpakavlies bzw. die Alpakafaser enth\u00e4lt\u00a0<strong>Keratin<\/strong>\u00a0und ist ein wertvoller Bestandteil\u00a0in der Alpaka-Seife. Die Seife ist\u00a0dadurch\u00a0sehr\u00a0<strong>sch\u00e4umend, geschmeidig und pflegend<\/strong>.<\/p>\n<p>Kokos- und Oliven\u00f6l f\u00fcr Glanz und St\u00e4rkung des Haars<br \/>\nSheabutter f\u00fcr intensive Feuchtigkeit<br \/>\nBrokkolisamen\u00f6l f\u00fcr gute K\u00e4mmbarkeit<br \/>\nDuft: Bergamotte, Rose, Vanille &#8211; gibt Ruhe und Freude<\/p>\n<p>&nbsp;<\/p>\n","protected":false},"excerpt":{"rendered":"<p>Alpaka Gl\u00fcck &#8211; sei happy festes Shampoo mit Alpakakeratin Keratin ist ein nat\u00fcrliches Faserprotein und Hauptbestandteil\u00a0in Haut, Haaren und N\u00e4geln.\u00a0Das Alpakavlies bzw. die Alpakafaser enth\u00e4lt\u00a0Keratin\u00a0und ist ein wertvoller Bestandteil\u00a0in der Alpaka-Seife. Die Seife ist\u00a0dadurch\u00a0sehr\u00a0sch\u00e4umend, geschmeidig und pflegend. Kokos- und Oliven\u00f6l f\u00fcr Glanz und St\u00e4rkung des Haars Sheabutter f\u00fcr intensive Feuchtigkeit Brokkolisamen\u00f6l f\u00fcr gute K\u00e4mmbarkeit Duft: [&hellip;]<\/p>\n","protected":false},"featured_media":477,"template":"","meta":[],"product_brand":[],"product_cat":[18],"product_tag":[],"class_list":{"0":"post-476","1":"product","2":"type-product","3":"status-publish","4":"has-post-thumbnail","6":"product_cat-seifen","8":"first","9":"instock","10":"shipping-taxable","11":"purchasable","12":"product-type-simple"},"supplier_id":null,"supplier_sku":"","barcode":null,"atum_controlled":true,"out_stock_date":null,"out_stock_threshold":null,"inheritable":false,"inbound_stock":0,"stock_on_hold":0,"sold_today":0,"sales_last_days":0,"reserved_stock":0,"customer_returns":0,"warehouse_damage":0,"lost_in_post":0,"other_logs":0,"out_stock_days":0,"lost_sales":0,"has_location":false,"update_date":"2026-04-05T02:22:09","atum_locations":[],"atum_stock_status":"instock","restock_status":false,"low_stock_amount":"","sales_update_date":"2026-04-05T02:22:09","calc_backorders":null,"jetpack_sharing_enabled":true,"_links":{"self":[{"href":"https:\/\/www.nochilinga-alpakas.at\/shop.nochilinga-alpakas.at\/wp-json\/wp\/v2\/product\/476","targetHints":{"allow":["GET"]}}],"collection":[{"href":"https:\/\/www.nochilinga-alpakas.at\/shop.nochilinga-alpakas.at\/wp-json\/wp\/v2\/product"}],"about":[{"href":"https:\/\/www.nochilinga-alpakas.at\/shop.nochilinga-alpakas.at\/wp-json\/wp\/v2\/types\/product"}],"wp:featuredmedia":[{"embeddable":true,"href":"https:\/\/www.nochilinga-alpakas.at\/shop.nochilinga-alpakas.at\/wp-json\/wp\/v2\/media\/477"}],"wp:attachment":[{"href":"https:\/\/www.nochilinga-alpakas.at\/shop.nochilinga-alpakas.at\/wp-json\/wp\/v2\/media?parent=476"}],"wp:term":[{"taxonomy":"product_brand","embeddable":true,"href":"https:\/\/www.nochilinga-alpakas.at\/shop.nochilinga-alpakas.at\/wp-json\/wp\/v2\/product_brand?post=476"},{"taxonomy":"product_cat","embeddable":true,"href":"https:\/\/www.nochilinga-alpakas.at\/shop.nochilinga-alpakas.at\/wp-json\/wp\/v2\/product_cat?post=476"},{"taxonomy":"product_tag","embeddable":true,"href":"https:\/\/www.nochilinga-alpakas.at\/shop.nochilinga-alpakas.at\/wp-json\/wp\/v2\/product_tag?post=476"}],"curies":[{"name":"wp","href":"https:\/\/api.w.org\/{rel}","templated":true}]}}