{"id":663,"date":"2023-10-27T16:19:29","date_gmt":"2023-10-27T14:19:29","guid":{"rendered":"https:\/\/www.nochilinga-alpakas.at\/shop.nochilinga-alpakas.at\/?post_type=product&#038;p=663"},"modified":"2025-12-26T10:27:44","modified_gmt":"2025-12-26T09:27:44","slug":"abs-socken-petrol","status":"publish","type":"product","link":"https:\/\/www.nochilinga-alpakas.at\/shop.nochilinga-alpakas.at\/produkt\/abs-socken-petrol\/","title":{"rendered":"ABS Socken, petrol"},"content":{"rendered":"<p>Mit diesen Alpaka-Haus-Socken sind Sie bequem und sicher ohne Schuhe unterwegs &#8211; dank der dezenten Anti-Rutsch-Noppen an der Sohle. Damit sind sie der ideale Ersatz f\u00fcr herk\u00f6mmliche Haus-Schuhe.<\/p>\n<p>Die Zusammensetzung der APU KUNTUR ABS-Socken beruht auf langj\u00e4hriger Erfahrung und gew\u00e4hrleistet eine ideale Kombination aus Komfort, Qualit\u00e4t, Langlebigkeit und Alltagstauglichkeit.<\/p>\n<p>&#8211; Material: 52% Alpaka 35% Wolle 11% Nylon 2% Elasthan<br \/>\n&#8211; rutschfest beschichtet<br \/>\n&#8211; feines B\u00fcndchen verhindert das l\u00e4stige Rutschen<br \/>\n&#8211; sch\u00f6nes Detail &#8211; eingestricktes Alpaka Logo<br \/>\n&#8211; atmungsaktiv<\/p>\n","protected":false},"excerpt":{"rendered":"<p>Mit diesen Alpaka-Haus-Socken sind Sie bequem und sicher ohne Schuhe unterwegs &#8211; dank der dezenten Anti-Rutsch-Noppen an der Sohle. Damit sind sie der ideale Ersatz f\u00fcr herk\u00f6mmliche Haus-Schuhe. Die Zusammensetzung der APU KUNTUR ABS-Socken beruht auf langj\u00e4hriger Erfahrung und gew\u00e4hrleistet eine ideale Kombination aus Komfort, Qualit\u00e4t, Langlebigkeit und Alltagstauglichkeit. &#8211; Material: 52% Alpaka 35% Wolle [&hellip;]<\/p>\n","protected":false},"featured_media":668,"template":"","meta":[],"product_brand":[],"product_cat":[16],"product_tag":[],"class_list":{"0":"post-663","1":"product","2":"type-product","3":"status-publish","4":"has-post-thumbnail","6":"product_cat-socken","7":"pa_masseinheit-36-38","8":"pa_masseinheit-39-41","9":"pa_masseinheit-42-44","10":"pa_masseinheit-45-48","12":"first","13":"instock","14":"shipping-taxable","15":"purchasable","16":"product-type-variable"},"supplier_id":null,"supplier_sku":"","barcode":null,"atum_controlled":true,"out_stock_date":null,"out_stock_threshold":null,"inheritable":true,"inbound_stock":0,"stock_on_hold":0,"sold_today":0,"sales_last_days":0,"reserved_stock":0,"customer_returns":0,"warehouse_damage":0,"lost_in_post":0,"other_logs":0,"out_stock_days":0,"lost_sales":0,"has_location":false,"update_date":"2026-04-05T02:22:12","atum_locations":[],"atum_stock_status":"instock","restock_status":false,"low_stock_amount":"","sales_update_date":"2026-04-05T02:22:12","calc_backorders":null,"jetpack_sharing_enabled":true,"_links":{"self":[{"href":"https:\/\/www.nochilinga-alpakas.at\/shop.nochilinga-alpakas.at\/wp-json\/wp\/v2\/product\/663","targetHints":{"allow":["GET"]}}],"collection":[{"href":"https:\/\/www.nochilinga-alpakas.at\/shop.nochilinga-alpakas.at\/wp-json\/wp\/v2\/product"}],"about":[{"href":"https:\/\/www.nochilinga-alpakas.at\/shop.nochilinga-alpakas.at\/wp-json\/wp\/v2\/types\/product"}],"wp:featuredmedia":[{"embeddable":true,"href":"https:\/\/www.nochilinga-alpakas.at\/shop.nochilinga-alpakas.at\/wp-json\/wp\/v2\/media\/668"}],"wp:attachment":[{"href":"https:\/\/www.nochilinga-alpakas.at\/shop.nochilinga-alpakas.at\/wp-json\/wp\/v2\/media?parent=663"}],"wp:term":[{"taxonomy":"product_brand","embeddable":true,"href":"https:\/\/www.nochilinga-alpakas.at\/shop.nochilinga-alpakas.at\/wp-json\/wp\/v2\/product_brand?post=663"},{"taxonomy":"product_cat","embeddable":true,"href":"https:\/\/www.nochilinga-alpakas.at\/shop.nochilinga-alpakas.at\/wp-json\/wp\/v2\/product_cat?post=663"},{"taxonomy":"product_tag","embeddable":true,"href":"https:\/\/www.nochilinga-alpakas.at\/shop.nochilinga-alpakas.at\/wp-json\/wp\/v2\/product_tag?post=663"}],"curies":[{"name":"wp","href":"https:\/\/api.w.org\/{rel}","templated":true}]}}