{"id":756,"date":"2023-11-29T11:05:59","date_gmt":"2023-11-29T10:05:59","guid":{"rendered":"https:\/\/www.nochilinga-alpakas.at\/shop.nochilinga-alpakas.at\/?post_type=product&#038;p=756"},"modified":"2026-03-28T15:02:10","modified_gmt":"2026-03-28T14:02:10","slug":"badebombe-mit-alpaka-keratin-diverse-duefte-90g","status":"publish","type":"product","link":"https:\/\/www.nochilinga-alpakas.at\/shop.nochilinga-alpakas.at\/produkt\/badebombe-mit-alpaka-keratin-diverse-duefte-90g\/","title":{"rendered":"Badebombe mit Alpaka-Keratin, diverse D\u00fcfte 90g"},"content":{"rendered":"<p>Badebombe mit Alpakakeratin, palm\u00f6lfrei<\/p>\n<p>Keratin ist ein nat\u00fcrliches Faserprotein und Hauptbestandteil in Haut, Haaren und N\u00e4geln.<br \/>\nDas Alpakavlies bzw. die Alpakafaser enth\u00e4lt\u00a0<strong>Keratin<\/strong> und ist\u00a0dadurch\u00a0sehr\u00a0<strong>sch\u00e4umend, geschmeidig und pflegend<\/strong>.<\/p>\n<p>D\u00fcfte:<br \/>\nBourbon-Manuka<br \/>\nKokosmilch<br \/>\nWassermelone-Minze<\/p>\n<p>&nbsp;<\/p>\n<p>&nbsp;<\/p>\n","protected":false},"excerpt":{"rendered":"<p>Badebombe mit Alpakakeratin, palm\u00f6lfrei Keratin ist ein nat\u00fcrliches Faserprotein und Hauptbestandteil in Haut, Haaren und N\u00e4geln. Das Alpakavlies bzw. die Alpakafaser enth\u00e4lt\u00a0Keratin und ist\u00a0dadurch\u00a0sehr\u00a0sch\u00e4umend, geschmeidig und pflegend. D\u00fcfte: Bourbon-Manuka Kokosmilch Wassermelone-Minze &nbsp; &nbsp;<\/p>\n","protected":false},"featured_media":757,"template":"","meta":[],"product_brand":[],"product_cat":[18],"product_tag":[],"class_list":{"0":"post-756","1":"product","2":"type-product","3":"status-publish","4":"has-post-thumbnail","6":"product_cat-seifen","8":"first","9":"instock","10":"shipping-taxable","11":"purchasable","12":"product-type-variable"},"supplier_id":null,"supplier_sku":"","barcode":null,"atum_controlled":true,"out_stock_date":null,"out_stock_threshold":null,"inheritable":true,"inbound_stock":0,"stock_on_hold":0,"sold_today":0,"sales_last_days":2,"reserved_stock":0,"customer_returns":0,"warehouse_damage":0,"lost_in_post":0,"other_logs":0,"out_stock_days":0,"lost_sales":0,"has_location":false,"update_date":"2026-04-05T02:22:20","atum_locations":[],"atum_stock_status":"instock","restock_status":false,"low_stock_amount":"","sales_update_date":"2026-04-05T02:22:20","calc_backorders":null,"jetpack_sharing_enabled":true,"_links":{"self":[{"href":"https:\/\/www.nochilinga-alpakas.at\/shop.nochilinga-alpakas.at\/wp-json\/wp\/v2\/product\/756","targetHints":{"allow":["GET"]}}],"collection":[{"href":"https:\/\/www.nochilinga-alpakas.at\/shop.nochilinga-alpakas.at\/wp-json\/wp\/v2\/product"}],"about":[{"href":"https:\/\/www.nochilinga-alpakas.at\/shop.nochilinga-alpakas.at\/wp-json\/wp\/v2\/types\/product"}],"wp:featuredmedia":[{"embeddable":true,"href":"https:\/\/www.nochilinga-alpakas.at\/shop.nochilinga-alpakas.at\/wp-json\/wp\/v2\/media\/757"}],"wp:attachment":[{"href":"https:\/\/www.nochilinga-alpakas.at\/shop.nochilinga-alpakas.at\/wp-json\/wp\/v2\/media?parent=756"}],"wp:term":[{"taxonomy":"product_brand","embeddable":true,"href":"https:\/\/www.nochilinga-alpakas.at\/shop.nochilinga-alpakas.at\/wp-json\/wp\/v2\/product_brand?post=756"},{"taxonomy":"product_cat","embeddable":true,"href":"https:\/\/www.nochilinga-alpakas.at\/shop.nochilinga-alpakas.at\/wp-json\/wp\/v2\/product_cat?post=756"},{"taxonomy":"product_tag","embeddable":true,"href":"https:\/\/www.nochilinga-alpakas.at\/shop.nochilinga-alpakas.at\/wp-json\/wp\/v2\/product_tag?post=756"}],"curies":[{"name":"wp","href":"https:\/\/api.w.org\/{rel}","templated":true}]}}