{"id":801,"date":"2023-12-21T18:34:17","date_gmt":"2023-12-21T17:34:17","guid":{"rendered":"https:\/\/www.nochilinga-alpakas.at\/shop.nochilinga-alpakas.at\/?post_type=product&#038;p=801"},"modified":"2026-01-22T17:20:12","modified_gmt":"2026-01-22T16:20:12","slug":"kinder-skisocken","status":"publish","type":"product","link":"https:\/\/www.nochilinga-alpakas.at\/shop.nochilinga-alpakas.at\/produkt\/kinder-skisocken\/","title":{"rendered":"Kinder Skisocken"},"content":{"rendered":"<p>Material: 52% Alpaka 35% Wolle 11% Nylon 2% Elasthan<br \/>\n&#8211; Farbe &#8220;schwarz-grau&#8221; mit sch\u00f6nen Highlights in Kobaltblau<br \/>\n&#8211; angenehm warm und dabei ideal atmungsaktiv<br \/>\n&#8211; thermoregulierend<br \/>\n&#8211; leicht frottierte Innenseite<br \/>\n&#8211; ausgereiftes Design mit faserverst\u00e4rkten Partien<br \/>\n&#8211; unisex<\/p>\n<p><b>Dieses Produkt wurde mit Aloe Vera und Jojoba\u00f6l veredelt.<\/b><\/p>\n<p>Mit nat\u00fcrlicher Aloe Vera &amp; Jojoba\u00f6l-Ausr\u00fcstung f\u00fcr besondere Weichheit, optimale Hydrobalance und ein angenehmes Tragegef\u00fchl. Aloe Vera und Jojoba helfen, die nat\u00fcrliche Hautfeuchtigkeit zu bewahren, indem sie Feuchtigkeit spenden und \u00fcbersch\u00fcssige Feuchtigkeit ableiten, was unangenehmes Schwitzen reduziert. Die beruhigenden Eigenschaften sch\u00fctzen empfindliche Haut und halten die Faser nachhaltig geschmeidig.<\/p>\n","protected":false},"excerpt":{"rendered":"<p>Material: 52% Alpaka 35% Wolle 11% Nylon 2% Elasthan &#8211; Farbe &#8220;schwarz-grau&#8221; mit sch\u00f6nen Highlights in Kobaltblau &#8211; angenehm warm und dabei ideal atmungsaktiv &#8211; thermoregulierend &#8211; leicht frottierte Innenseite &#8211; ausgereiftes Design mit faserverst\u00e4rkten Partien &#8211; unisex Dieses Produkt wurde mit Aloe Vera und Jojoba\u00f6l veredelt. Mit nat\u00fcrlicher Aloe Vera &amp; Jojoba\u00f6l-Ausr\u00fcstung f\u00fcr besondere [&hellip;]<\/p>\n","protected":false},"featured_media":806,"template":"","meta":[],"product_brand":[],"product_cat":[16],"product_tag":[],"class_list":{"0":"post-801","1":"product","2":"type-product","3":"status-publish","4":"has-post-thumbnail","6":"product_cat-socken","7":"pa_masseinheit-30-32","8":"pa_masseinheit-33-35","10":"first","11":"instock","12":"featured","13":"shipping-taxable","14":"purchasable","15":"product-type-variable"},"supplier_id":null,"supplier_sku":"","barcode":null,"atum_controlled":true,"out_stock_date":null,"out_stock_threshold":null,"inheritable":true,"inbound_stock":0,"stock_on_hold":0,"sold_today":0,"sales_last_days":0,"reserved_stock":null,"customer_returns":null,"warehouse_damage":null,"lost_in_post":null,"other_logs":null,"out_stock_days":0,"lost_sales":0,"has_location":false,"update_date":"2026-04-05T02:22:14","atum_locations":[],"atum_stock_status":"instock","restock_status":false,"low_stock_amount":"","sales_update_date":"2026-04-05T02:22:14","calc_backorders":null,"jetpack_sharing_enabled":true,"_links":{"self":[{"href":"https:\/\/www.nochilinga-alpakas.at\/shop.nochilinga-alpakas.at\/wp-json\/wp\/v2\/product\/801","targetHints":{"allow":["GET"]}}],"collection":[{"href":"https:\/\/www.nochilinga-alpakas.at\/shop.nochilinga-alpakas.at\/wp-json\/wp\/v2\/product"}],"about":[{"href":"https:\/\/www.nochilinga-alpakas.at\/shop.nochilinga-alpakas.at\/wp-json\/wp\/v2\/types\/product"}],"wp:featuredmedia":[{"embeddable":true,"href":"https:\/\/www.nochilinga-alpakas.at\/shop.nochilinga-alpakas.at\/wp-json\/wp\/v2\/media\/806"}],"wp:attachment":[{"href":"https:\/\/www.nochilinga-alpakas.at\/shop.nochilinga-alpakas.at\/wp-json\/wp\/v2\/media?parent=801"}],"wp:term":[{"taxonomy":"product_brand","embeddable":true,"href":"https:\/\/www.nochilinga-alpakas.at\/shop.nochilinga-alpakas.at\/wp-json\/wp\/v2\/product_brand?post=801"},{"taxonomy":"product_cat","embeddable":true,"href":"https:\/\/www.nochilinga-alpakas.at\/shop.nochilinga-alpakas.at\/wp-json\/wp\/v2\/product_cat?post=801"},{"taxonomy":"product_tag","embeddable":true,"href":"https:\/\/www.nochilinga-alpakas.at\/shop.nochilinga-alpakas.at\/wp-json\/wp\/v2\/product_tag?post=801"}],"curies":[{"name":"wp","href":"https:\/\/api.w.org\/{rel}","templated":true}]}}