{"id":809,"date":"2023-12-21T18:47:05","date_gmt":"2023-12-21T17:47:05","guid":{"rendered":"https:\/\/www.nochilinga-alpakas.at\/shop.nochilinga-alpakas.at\/?post_type=product&#038;p=809"},"modified":"2025-12-07T17:03:31","modified_gmt":"2025-12-07T16:03:31","slug":"muetze-bark","status":"publish","type":"product","link":"https:\/\/www.nochilinga-alpakas.at\/shop.nochilinga-alpakas.at\/produkt\/muetze-bark\/","title":{"rendered":"M\u00fctze Bark"},"content":{"rendered":"<p>Eine klassische Strick-M\u00fctze mit breitem Umschlag aus reinem Baby Alpaka.<\/p>\n<p>Diese M\u00fctze passt immer. Einfarbig gehalten ist diese Strick-Haube ideal zu kombinieren und passt bei allen Gelegenheiten. Das fein gezwirnte Baby-Alpaka ist angenehm weich, leicht und schmiegt sich sanft an jede Kopfform an.<br \/>\nIdeal f\u00fcr ausgedehnte Winter-Spazierg\u00e4nge.<\/p>\n<p>&#8211; zeitlos, schlicht und sportlich<br \/>\n&#8211; breite Krempe<br \/>\n&#8211; unifarben und glatt gestrickt<br \/>\n&#8211; reine Naturfaser<\/p>\n<p>Material: 100% Alpaka (Baby Alpaka)<\/p>\n<p>Kopfumfang Gr\u00f6\u00dfe S: 48-54cm M: 54-58cm L: 58-63cm (ungef\u00e4hre Angaben)<\/p>\n","protected":false},"excerpt":{"rendered":"<p>Eine klassische Strick-M\u00fctze mit breitem Umschlag aus reinem Baby Alpaka. Diese M\u00fctze passt immer. Einfarbig gehalten ist diese Strick-Haube ideal zu kombinieren und passt bei allen Gelegenheiten. Das fein gezwirnte Baby-Alpaka ist angenehm weich, leicht und schmiegt sich sanft an jede Kopfform an. Ideal f\u00fcr ausgedehnte Winter-Spazierg\u00e4nge. &#8211; zeitlos, schlicht und sportlich &#8211; breite Krempe [&hellip;]<\/p>\n","protected":false},"featured_media":820,"template":"","meta":[],"product_brand":[],"product_cat":[17],"product_tag":[],"class_list":{"0":"post-809","1":"product","2":"type-product","3":"status-publish","4":"has-post-thumbnail","6":"product_cat-muetzen","7":"pa_farbe-aubergine","8":"pa_farbe-marineblau","9":"pa_farbe-schwarz","10":"pa_farbe-schwarz-grau","11":"pa_farbe-tannengruen","13":"first","14":"instock","15":"shipping-taxable","16":"purchasable","17":"product-type-variable","18":"has-default-attributes"},"supplier_id":null,"supplier_sku":"","barcode":null,"atum_controlled":true,"out_stock_date":null,"out_stock_threshold":null,"inheritable":true,"inbound_stock":0,"stock_on_hold":0,"sold_today":0,"sales_last_days":0,"reserved_stock":null,"customer_returns":null,"warehouse_damage":null,"lost_in_post":null,"other_logs":null,"out_stock_days":0,"lost_sales":0,"has_location":false,"update_date":"2026-04-05T02:22:14","atum_locations":[],"atum_stock_status":"instock","restock_status":false,"low_stock_amount":"","sales_update_date":"2026-04-05T02:22:14","calc_backorders":null,"jetpack_sharing_enabled":true,"_links":{"self":[{"href":"https:\/\/www.nochilinga-alpakas.at\/shop.nochilinga-alpakas.at\/wp-json\/wp\/v2\/product\/809","targetHints":{"allow":["GET"]}}],"collection":[{"href":"https:\/\/www.nochilinga-alpakas.at\/shop.nochilinga-alpakas.at\/wp-json\/wp\/v2\/product"}],"about":[{"href":"https:\/\/www.nochilinga-alpakas.at\/shop.nochilinga-alpakas.at\/wp-json\/wp\/v2\/types\/product"}],"wp:featuredmedia":[{"embeddable":true,"href":"https:\/\/www.nochilinga-alpakas.at\/shop.nochilinga-alpakas.at\/wp-json\/wp\/v2\/media\/820"}],"wp:attachment":[{"href":"https:\/\/www.nochilinga-alpakas.at\/shop.nochilinga-alpakas.at\/wp-json\/wp\/v2\/media?parent=809"}],"wp:term":[{"taxonomy":"product_brand","embeddable":true,"href":"https:\/\/www.nochilinga-alpakas.at\/shop.nochilinga-alpakas.at\/wp-json\/wp\/v2\/product_brand?post=809"},{"taxonomy":"product_cat","embeddable":true,"href":"https:\/\/www.nochilinga-alpakas.at\/shop.nochilinga-alpakas.at\/wp-json\/wp\/v2\/product_cat?post=809"},{"taxonomy":"product_tag","embeddable":true,"href":"https:\/\/www.nochilinga-alpakas.at\/shop.nochilinga-alpakas.at\/wp-json\/wp\/v2\/product_tag?post=809"}],"curies":[{"name":"wp","href":"https:\/\/api.w.org\/{rel}","templated":true}]}}