{"id":894,"date":"2024-05-01T13:34:59","date_gmt":"2024-05-01T11:34:59","guid":{"rendered":"https:\/\/www.nochilinga-alpakas.at\/shop.nochilinga-alpakas.at\/?post_type=product&#038;p=894"},"modified":"2026-02-17T11:15:25","modified_gmt":"2026-02-17T10:15:25","slug":"alpacare-handzauber-22g","status":"publish","type":"product","link":"https:\/\/www.nochilinga-alpakas.at\/shop.nochilinga-alpakas.at\/produkt\/alpacare-handzauber-22g\/","title":{"rendered":"AlpaCare Handzauber, 22g"},"content":{"rendered":"<p>Der AlpaCare Handzauber ist eine feste Handcreme mit Alpaka Keratin in einer praktischen Aludose und somit auch perfekt f\u00fcr unterwegs.<\/p>\n<p>Diese Handcreme\u00a0 mit Alpaka Keratin hat eine zarte Textur, die schnell von der Haut aufgenommen wird, lang anhaltende Feuchtigkeit spendet und gleichzeitig sch\u00fctzt.Keratin ist ein nat\u00fcrliches Faserprotein und Hauptbestandteil\u00a0in Haut, Haaren und N\u00e4geln.\u00a0Das Alpakavlies bzw. die Alpakafaser enth\u00e4lt\u00a0Keratin und ist ein wertvoller Bestandteil in der AlpaCare.<br \/>\nDie Formel des Handzaubers enth\u00e4lt au\u00dferdem rosa Heilerde und Jasminwachs sowie eine Vielzahl an wichtigen Mineralstoffen und Spurenelemente wie Eisen, Calcium, Magnesium, Kalium, Kupfer und Zink. Diese nat\u00fcrlichen Inhaltsstoffe sind wohltuend f\u00fcr die Haut und verleihen ihr einen frischen Glow. Insbesondere die rosa Heilerde hilft, die Poren zu verkleinern und sorgt so f\u00fcr einen strahlenden und ebenm\u00e4\u00dfigen Teint.<\/p>\n<p>&nbsp;<\/p>\n","protected":false},"excerpt":{"rendered":"<p>Der AlpaCare Handzauber ist eine feste Handcreme mit Alpaka Keratin in einer praktischen Aludose und somit auch perfekt f\u00fcr unterwegs. Diese Handcreme\u00a0 mit Alpaka Keratin hat eine zarte Textur, die schnell von der Haut aufgenommen wird, lang anhaltende Feuchtigkeit spendet und gleichzeitig sch\u00fctzt.Keratin ist ein nat\u00fcrliches Faserprotein und Hauptbestandteil\u00a0in Haut, Haaren und N\u00e4geln.\u00a0Das Alpakavlies bzw. [&hellip;]<\/p>\n","protected":false},"featured_media":897,"template":"","meta":[],"product_brand":[],"product_cat":[18],"product_tag":[],"class_list":{"0":"post-894","1":"product","2":"type-product","3":"status-publish","4":"has-post-thumbnail","6":"product_cat-seifen","8":"first","9":"outofstock","10":"shipping-taxable","11":"purchasable","12":"product-type-variable"},"supplier_id":762,"supplier_sku":"","barcode":null,"atum_controlled":true,"out_stock_date":"2024-12-08 11:25:03","out_stock_threshold":null,"inheritable":true,"inbound_stock":0,"stock_on_hold":0,"sold_today":0,"sales_last_days":0,"reserved_stock":null,"customer_returns":null,"warehouse_damage":null,"lost_in_post":null,"other_logs":null,"out_stock_days":482,"lost_sales":0,"has_location":false,"update_date":"2026-04-05T02:22:15","atum_locations":[],"atum_stock_status":"outofstock","restock_status":false,"low_stock_amount":"","sales_update_date":"2026-04-05T02:22:15","calc_backorders":null,"jetpack_sharing_enabled":true,"_links":{"self":[{"href":"https:\/\/www.nochilinga-alpakas.at\/shop.nochilinga-alpakas.at\/wp-json\/wp\/v2\/product\/894","targetHints":{"allow":["GET"]}}],"collection":[{"href":"https:\/\/www.nochilinga-alpakas.at\/shop.nochilinga-alpakas.at\/wp-json\/wp\/v2\/product"}],"about":[{"href":"https:\/\/www.nochilinga-alpakas.at\/shop.nochilinga-alpakas.at\/wp-json\/wp\/v2\/types\/product"}],"wp:featuredmedia":[{"embeddable":true,"href":"https:\/\/www.nochilinga-alpakas.at\/shop.nochilinga-alpakas.at\/wp-json\/wp\/v2\/media\/897"}],"wp:attachment":[{"href":"https:\/\/www.nochilinga-alpakas.at\/shop.nochilinga-alpakas.at\/wp-json\/wp\/v2\/media?parent=894"}],"wp:term":[{"taxonomy":"product_brand","embeddable":true,"href":"https:\/\/www.nochilinga-alpakas.at\/shop.nochilinga-alpakas.at\/wp-json\/wp\/v2\/product_brand?post=894"},{"taxonomy":"product_cat","embeddable":true,"href":"https:\/\/www.nochilinga-alpakas.at\/shop.nochilinga-alpakas.at\/wp-json\/wp\/v2\/product_cat?post=894"},{"taxonomy":"product_tag","embeddable":true,"href":"https:\/\/www.nochilinga-alpakas.at\/shop.nochilinga-alpakas.at\/wp-json\/wp\/v2\/product_tag?post=894"}],"curies":[{"name":"wp","href":"https:\/\/api.w.org\/{rel}","templated":true}]}}