{"id":913,"date":"2024-09-16T09:37:36","date_gmt":"2024-09-16T07:37:36","guid":{"rendered":"https:\/\/www.nochilinga-alpakas.at\/shop.nochilinga-alpakas.at\/?post_type=product&#038;p=913"},"modified":"2025-12-07T17:44:42","modified_gmt":"2025-12-07T16:44:42","slug":"elisuave-kindermuetze","status":"publish","type":"product","link":"https:\/\/www.nochilinga-alpakas.at\/shop.nochilinga-alpakas.at\/produkt\/elisuave-kindermuetze\/","title":{"rendered":"Kinderm\u00fctze Elisuave"},"content":{"rendered":"<p>&#8211; Bequeme Wende-Beanie-M\u00fctze<br \/>\n&#8211; Material: 70% Baumwolle, 30% Alpaka (Baby Alpaka)<br \/>\n&#8211; Aus weicher und w\u00e4rmender Alpakafaser<br \/>\n&#8211; Wendbar mit zwei Farbseiten<br \/>\n&#8211; Passt sich mit einem Flip dem Outfit an<br \/>\n&#8211; Pflegeleicht und hautsympathisch f\u00fcr Kinder<\/p>\n<p>Die Wende-Beanie ELISUAVE f\u00fcr Kinder kombiniert spielerischen Charme mit funktionaler W\u00e4rme. Diese smarte M\u00fctze gibt es in zwei lebhaften Farben.<\/p>\n<p>Gefertigt aus hochwertiger Alpakafaser, ist sie ein kuscheliger Schatz gegen die K\u00e4lte und dabei besonders sanft zu zarter Kinderhaut.<br \/>\nDie Farbkombinationen sorgen f\u00fcr abwechslungsreiche M\u00f6glichkeiten und machen diese Beanie zu einem Lieblingsst\u00fcck im Kinderkleiderschrank. Mit der ELISUAVE sind die Kleinen f\u00fcr jedes Winterabenteuer bestens ger\u00fcstet.<\/p>\n","protected":false},"excerpt":{"rendered":"<p>&#8211; Bequeme Wende-Beanie-M\u00fctze &#8211; Material: 70% Baumwolle, 30% Alpaka (Baby Alpaka) &#8211; Aus weicher und w\u00e4rmender Alpakafaser &#8211; Wendbar mit zwei Farbseiten &#8211; Passt sich mit einem Flip dem Outfit an &#8211; Pflegeleicht und hautsympathisch f\u00fcr Kinder Die Wende-Beanie ELISUAVE f\u00fcr Kinder kombiniert spielerischen Charme mit funktionaler W\u00e4rme. Diese smarte M\u00fctze gibt es in zwei [&hellip;]<\/p>\n","protected":false},"featured_media":925,"template":"","meta":[],"product_brand":[],"product_cat":[17],"product_tag":[],"class_list":{"0":"post-913","1":"product","2":"type-product","3":"status-publish","4":"has-post-thumbnail","6":"product_cat-muetzen","7":"pa_farbe-orange-petrol","8":"pa_farbe-rot-blau","10":"first","11":"instock","12":"shipping-taxable","13":"purchasable","14":"product-type-variable"},"supplier_id":null,"supplier_sku":"","barcode":null,"atum_controlled":true,"out_stock_date":null,"out_stock_threshold":null,"inheritable":true,"inbound_stock":0,"stock_on_hold":0,"sold_today":0,"sales_last_days":0,"reserved_stock":null,"customer_returns":null,"warehouse_damage":null,"lost_in_post":null,"other_logs":null,"out_stock_days":0,"lost_sales":0,"has_location":false,"update_date":"2026-04-05T02:22:16","atum_locations":[],"atum_stock_status":"instock","restock_status":false,"low_stock_amount":"","sales_update_date":"2026-04-05T02:22:16","calc_backorders":null,"jetpack_sharing_enabled":true,"_links":{"self":[{"href":"https:\/\/www.nochilinga-alpakas.at\/shop.nochilinga-alpakas.at\/wp-json\/wp\/v2\/product\/913","targetHints":{"allow":["GET"]}}],"collection":[{"href":"https:\/\/www.nochilinga-alpakas.at\/shop.nochilinga-alpakas.at\/wp-json\/wp\/v2\/product"}],"about":[{"href":"https:\/\/www.nochilinga-alpakas.at\/shop.nochilinga-alpakas.at\/wp-json\/wp\/v2\/types\/product"}],"wp:featuredmedia":[{"embeddable":true,"href":"https:\/\/www.nochilinga-alpakas.at\/shop.nochilinga-alpakas.at\/wp-json\/wp\/v2\/media\/925"}],"wp:attachment":[{"href":"https:\/\/www.nochilinga-alpakas.at\/shop.nochilinga-alpakas.at\/wp-json\/wp\/v2\/media?parent=913"}],"wp:term":[{"taxonomy":"product_brand","embeddable":true,"href":"https:\/\/www.nochilinga-alpakas.at\/shop.nochilinga-alpakas.at\/wp-json\/wp\/v2\/product_brand?post=913"},{"taxonomy":"product_cat","embeddable":true,"href":"https:\/\/www.nochilinga-alpakas.at\/shop.nochilinga-alpakas.at\/wp-json\/wp\/v2\/product_cat?post=913"},{"taxonomy":"product_tag","embeddable":true,"href":"https:\/\/www.nochilinga-alpakas.at\/shop.nochilinga-alpakas.at\/wp-json\/wp\/v2\/product_tag?post=913"}],"curies":[{"name":"wp","href":"https:\/\/api.w.org\/{rel}","templated":true}]}}